{"id":10420,"date":"2024-04-25T11:14:35","date_gmt":"2024-04-25T09:14:35","guid":{"rendered":"https:\/\/soplair.com\/productos\/toldos-tradicionales-e-hinchables\/ampliacion-de-cassandra-air\/"},"modified":"2024-07-08T16:31:09","modified_gmt":"2024-07-08T14:31:09","slug":"ampliacion-de-cassandra-air","status":"publish","type":"page","link":"https:\/\/soplair.com\/es\/productos\/avances-tradicionales-e-hinchables\/ampliacion-de-cassandra-air\/","title":{"rendered":"Extensi\u00f3n de Cassandra Air"},"content":{"rendered":"\t\t<div data-elementor-type=\"wp-page\" data-elementor-id=\"10420\" class=\"elementor elementor-10420 elementor-4404\">\n\t\t\t\t\t\t<section class=\"elementor-section elementor-top-section elementor-element elementor-element-17a0a95b elementor-section-boxed elementor-section-height-default elementor-section-height-default\" data-id=\"17a0a95b\" data-element_type=\"section\" data-e-type=\"section\" data-settings=\"{&quot;jet_parallax_layout_list&quot;:[]}\">\n\t\t\t\t\t\t<div class=\"elementor-container elementor-column-gap-default\">\n\t\t\t\t\t<div class=\"elementor-column elementor-col-100 elementor-top-column elementor-element elementor-element-40ee6076\" data-id=\"40ee6076\" data-element_type=\"column\" data-e-type=\"column\">\n\t\t\t<div class=\"elementor-widget-wrap elementor-element-populated\">\n\t\t\t\t\t\t<div class=\"elementor-element elementor-element-3d87bafe elementor-widget elementor-widget-jet-breadcrumbs\" data-id=\"3d87bafe\" data-element_type=\"widget\" data-e-type=\"widget\" data-widget_type=\"jet-breadcrumbs.default\">\n\t\t\t\t<div class=\"elementor-widget-container\">\n\t\t\t\t\t<div class=\"elementor-jet-breadcrumbs jet-blocks\">\n\t\t<div class=\"jet-breadcrumbs\">\n\t\t<div class=\"jet-breadcrumbs__content\">\n\t\t<div class=\"jet-breadcrumbs__wrap\"><div class=\"jet-breadcrumbs__item\"><a href=\"https:\/\/soplair.com\/es\/\" class=\"jet-breadcrumbs__item-link is-home\" rel=\"home\" title=\"Inicio\">Inicio<\/a><\/div>\n\t\t<\/div>\n\t\t<\/div>\n\t\t<\/div><\/div>\t\t\t\t<\/div>\n\t\t\t\t<\/div>\n\t\t\t\t<div class=\"elementor-element elementor-element-3dade6a5 elementor-arrows-position-inside elementor-pagination-position-outside elementor-widget elementor-widget-image-carousel\" data-id=\"3dade6a5\" data-element_type=\"widget\" data-e-type=\"widget\" data-settings=\"{&quot;slides_to_show&quot;:&quot;1&quot;,&quot;autoplay_speed&quot;:3500,&quot;navigation&quot;:&quot;both&quot;,&quot;autoplay&quot;:&quot;yes&quot;,&quot;pause_on_hover&quot;:&quot;yes&quot;,&quot;pause_on_interaction&quot;:&quot;yes&quot;,&quot;infinite&quot;:&quot;yes&quot;,&quot;effect&quot;:&quot;slide&quot;,&quot;speed&quot;:500}\" data-widget_type=\"image-carousel.default\">\n\t\t\t\t<div class=\"elementor-widget-container\">\n\t\t\t\t\t\t\t<div class=\"elementor-image-carousel-wrapper swiper\" role=\"region\" aria-roledescription=\"carousel\" aria-label=\"Carrusel de im\u00e1genes\" dir=\"ltr\">\n\t\t\t<div class=\"elementor-image-carousel swiper-wrapper\" aria-live=\"off\">\n\t\t\t\t\t\t\t\t<div class=\"swiper-slide\" role=\"group\" aria-roledescription=\"slide\" aria-label=\"1 de 1\"><figure class=\"swiper-slide-inner\"><img decoding=\"async\" class=\"swiper-slide-image\" src=\"https:\/\/soplair.com\/wp-content\/uploads\/elementor\/thumbs\/extension-cassandra-air-rk41nh91sgyl923c72ncy6o0keyht56aj92xma8yp8.png\" alt=\"extension cassandra air\" \/><\/figure><\/div>\t\t\t<\/div>\n\t\t\t\t\t<\/div>\n\t\t\t\t\t\t<\/div>\n\t\t\t\t<\/div>\n\t\t\t\t<div class=\"elementor-element elementor-element-4d9f4d54 elementor-widget-divider--view-line elementor-widget elementor-widget-divider\" data-id=\"4d9f4d54\" data-element_type=\"widget\" data-e-type=\"widget\" data-widget_type=\"divider.default\">\n\t\t\t\t<div class=\"elementor-widget-container\">\n\t\t\t\t\t\t\t<div class=\"elementor-divider\">\n\t\t\t<span class=\"elementor-divider-separator\">\n\t\t\t\t\t\t<\/span>\n\t\t<\/div>\n\t\t\t\t\t\t<\/div>\n\t\t\t\t<\/div>\n\t\t\t\t<div class=\"elementor-element elementor-element-5d70cad6 elementor-widget elementor-widget-heading\" data-id=\"5d70cad6\" data-element_type=\"widget\" data-e-type=\"widget\" data-widget_type=\"heading.default\">\n\t\t\t\t<div class=\"elementor-widget-container\">\n\t\t\t\t\t<h2 class=\"elementor-heading-title elementor-size-default\">EXTENSI\u00d3N CASSANDRA AIR<\/h2>\t\t\t\t<\/div>\n\t\t\t\t<\/div>\n\t\t\t\t<div class=\"elementor-element elementor-element-695df855 elementor-widget elementor-widget-text-editor\" data-id=\"695df855\" data-element_type=\"widget\" data-e-type=\"widget\" data-widget_type=\"text-editor.default\">\n\t\t\t\t<div class=\"elementor-widget-container\">\n\t\t\t\t\t\t\t\t\t<h5><strong>Precio de venta recomendado : 519,00\u20ac<\/strong><\/h5>\n\t\t\t\t\t\t\t\t<\/div>\n\t\t\t\t<\/div>\n\t\t\t\t<div class=\"elementor-element elementor-element-58f5f4a0 elementor-widget elementor-widget-text-editor\" data-id=\"58f5f4a0\" data-element_type=\"widget\" data-e-type=\"widget\" data-widget_type=\"text-editor.default\">\n\t\t\t\t<div class=\"elementor-widget-container\">\n\t\t\t\t\t\t\t\t\t<h4><strong>Ref. : P973072<\/strong><\/h4>\n\t\t\t\t\t\t\t\t<\/div>\n\t\t\t\t<\/div>\n\t\t\t\t<div class=\"elementor-element elementor-element-2984a2e6 elementor-widget elementor-widget-text-editor\" data-id=\"2984a2e6\" data-element_type=\"widget\" data-e-type=\"widget\" data-widget_type=\"text-editor.default\">\n\t\t\t\t<div class=\"elementor-widget-container\">\n\t\t\t\t\t\t\t\t\t<h5>Ampl\u00ede su avance Cassandra Air con la Extensi\u00f3n Cassandra Air de Soplair, que ofrece un vers\u00e1til espacio extra para <br \/>almacenamiento o para la vida diaria, disponible en versiones derecha o izquierda, <strong><a href=\"#ancla\">ver m\u00e1s &#8230;<\/a><\/strong><\/h5>\t\t\t\t\t\t\t\t<\/div>\n\t\t\t\t<\/div>\n\t\t\t\t\t<\/div>\n\t\t<\/div>\n\t\t\t\t\t<\/div>\n\t\t<\/section>\n\t\t\t\t<section class=\"elementor-section elementor-top-section elementor-element elementor-element-6fd61d0d elementor-section-boxed elementor-section-height-default elementor-section-height-default\" data-id=\"6fd61d0d\" data-element_type=\"section\" data-e-type=\"section\" data-settings=\"{&quot;jet_parallax_layout_list&quot;:[]}\">\n\t\t\t\t\t\t<div class=\"elementor-container elementor-column-gap-default\">\n\t\t\t\t\t<div class=\"elementor-column elementor-col-100 elementor-top-column elementor-element elementor-element-4c0085be\" data-id=\"4c0085be\" data-element_type=\"column\" data-e-type=\"column\">\n\t\t\t<div class=\"elementor-widget-wrap elementor-element-populated\">\n\t\t\t\t\t\t<div class=\"elementor-element elementor-element-fc8cced elementor-widget elementor-widget-menu-anchor\" data-id=\"fc8cced\" data-element_type=\"widget\" data-e-type=\"widget\" data-widget_type=\"menu-anchor.default\">\n\t\t\t\t<div class=\"elementor-widget-container\">\n\t\t\t\t\t\t\t<div class=\"elementor-menu-anchor\" id=\"ancla\"><\/div>\n\t\t\t\t\t\t<\/div>\n\t\t\t\t<\/div>\n\t\t\t\t<div class=\"elementor-element elementor-element-24b231bb elementor-widget elementor-widget-jet-accordion\" data-id=\"24b231bb\" data-element_type=\"widget\" data-e-type=\"widget\" data-widget_type=\"jet-accordion.default\">\n\t\t\t\t<div class=\"elementor-widget-container\">\n\t\t\t\t\t\t\t\t\t<div class=\"jet-accordion\" data-settings=\"{&quot;collapsible&quot;:false,&quot;ajaxTemplate&quot;:false,&quot;switchScrolling&quot;:false,&quot;switchScrollingOffset&quot;:0,&quot;switchScrollingDelay&quot;:500}\">\n\t\t\t<div class=\"jet-accordion__inner\">\n\t\t\t\t<div class=\" jet-accordion__item jet-toggle jet-toggle-move-up-effect \">\n\t\t\t\t\t\t\t<div id=\"jet-toggle-control-6151\" class=\"jet-toggle__control elementor-menu-anchor\" data-toggle=\"1\" role=\"button\" tabindex=\"0\" aria-controls=\"jet-toggle-content-6151\" aria-expanded=\"false\" data-template-id=\"false\">\n\t\t\t\t\t\t\t\t<div class=\"jet-toggle__label-icon jet-toggle-icon-position-left\"><span class=\"jet-toggle__icon icon-normal jet-tabs-icon\"><i class=\"fas fa-plus\"><\/i><\/span><span class=\"jet-toggle__icon icon-active jet-tabs-icon\"><i class=\"fas fa-minus\"><\/i><\/span><\/div><div class=\"jet-toggle__label-text\">Descripci\u00f3n<\/div>\t\t\t\t\t\t\t<\/div>\n\t\t\t\t\t\t\t<div id=\"jet-toggle-content-6151\" class=\"jet-toggle__content\" data-toggle=\"1\" role=\"region\" data-template-id=\"false\">\n\t\t\t\t\t\t\t\t<div class=\"jet-toggle__content-inner\"><p><strong>Ampliaci\u00f3n Cassandra Air de Soplair: m\u00e1s espacio para un mayor confort<\/strong><\/p>\n<p><strong>Ampl\u00ede su espacio vital<\/strong><\/p>\n<p>Con la Extensi\u00f3n Cassandra Air de Soplair, puede aumentar f\u00e1cilmente el tama\u00f1o de su avance Cassandra Air. Tanto si necesita m\u00e1s espacio para vivir como para almacenar, esta ampliaci\u00f3n le ofrece una soluci\u00f3n pr\u00e1ctica y elegante. Disponible en versi\u00f3n izquierda o derecha, puede adaptarse perfectamente a sus necesidades espec\u00edficas.<\/p>\n<p><strong>Dise\u00f1o inteligente y materiales de calidad<\/strong><\/p>\n<p>La Cassandra Air Extension est\u00e1 dise\u00f1ada con un panel trasero de poli\u00e9ster con una gran ventana de cristal en la parte superior para dejar entrar la luz natural, y una cremallera en la parte inferior para facilitar el acceso a la bota. La parte delantera de la extensi\u00f3n es desmontable, lo que ofrece la m\u00e1xima flexibilidad. El lateral tiene una mosquitera que se puede cubrir con una ventana de cristal para mayor protecci\u00f3n contra los insectos.<\/p>\n<p><strong>F\u00e1cil de montar y transportar<\/strong><\/p>\n<p>Gracias a su estructura hinchable, la Cassandra Air Extension es incre\u00edblemente f\u00e1cil de montar y desmontar. Se guarda f\u00e1cilmente en su bolsa de transporte, con unas dimensiones compactas de 100 x 40 x 40 cm y un peso de s\u00f3lo 13,2 kg.<\/p>\n<p><strong>Especificaciones t\u00e9cnicas<\/strong><\/p>\n<p>El armaz\u00f3n hinchable de 100 mm de di\u00e1metro y el tejido del techo de poli\u00e9ster de 230 g\/m\u00b2 garantizan una resistencia y una durabilidad excepcionales. Las ventanas frontales y laterales, las cortinas incluidas y los ganchos suministrados garantizan un uso pr\u00e1ctico y c\u00f3modo en cualquier circunstancia.<\/p>\n<\/div>\n\t\t\t\t\t\t\t<\/div>\n\t\t\t\t\t\t<\/div><div class=\" jet-accordion__item jet-toggle jet-toggle-move-up-effect \">\n\t\t\t\t\t\t\t<div id=\"jet-toggle-control-6152\" class=\"jet-toggle__control elementor-menu-anchor\" data-toggle=\"2\" role=\"button\" tabindex=\"0\" aria-controls=\"jet-toggle-content-6152\" aria-expanded=\"false\" data-template-id=\"false\">\n\t\t\t\t\t\t\t\t<div class=\"jet-toggle__label-icon jet-toggle-icon-position-left\"><span class=\"jet-toggle__icon icon-normal jet-tabs-icon\"><i class=\"fas fa-plus\"><\/i><\/span><span class=\"jet-toggle__icon icon-active jet-tabs-icon\"><i class=\"fas fa-minus\"><\/i><\/span><\/div><div class=\"jet-toggle__label-text\">Para m\u00e1s informaci\u00f3n<\/div>\t\t\t\t\t\t\t<\/div>\n\t\t\t\t\t\t\t<div id=\"jet-toggle-content-6152\" class=\"jet-toggle__content\" data-toggle=\"2\" role=\"region\" data-template-id=\"false\">\n\t\t\t\t\t\t\t\t<div class=\"jet-toggle__content-inner\"><p><strong><u>M\u00e1s informaci\u00f3n: <\/u><\/strong><\/p>\n<ul>\n<li><strong>Estructura<\/strong>: Hinchable<\/li>\n<li><strong>Longitud<\/strong>: 2,6 m<\/li>\n<li><strong>Profundidad <\/strong> : 300 cm<\/li>\n<li><strong>Di\u00e1metro de la armadura<\/strong>: 100 mm<\/li>\n<li><strong>Tejido del techo<\/strong> : Poli\u00e9ster 230 g\/m\u00b2.<\/li>\n<li><strong>Peso de la bolsa de lona<\/strong>: 13,2 kg<\/li>\n<li><strong>Dimensiones de la bolsa de lona (largo x ancho x alto)<\/strong> : 100 x 40 x 40 cm<\/li>\n<li><strong>Persianas<\/strong> : No<\/li>\n<li><strong>Ventana <\/strong> : Frontal y lateral<\/li>\n<li><strong>Mosquitera<\/strong>: En la parte superior de la ventanilla lateral (con cristal protector)<\/li>\n<li><strong>Solapa del avance<\/strong>: Interior<\/li>\n<li><strong>Cortinas<\/strong> : S\u00ed<\/li>\n<li><strong>Estacas <\/strong> : S\u00ed<\/li>\n<li><strong>El\u00e1sticos de escalera<\/strong>: S\u00ed<\/li>\n<li><strong>Bolsa de almacenamiento<\/strong>: S\u00ed<\/li>\n<li><strong>Bomba manual<\/strong> : No<\/li>\n<li><strong>Panel frontal desmontable<\/strong>: S\u00ed<\/li>\n<li><strong>Lateral desmontable<\/strong>: No<\/li>\n<li><strong>Pared divisoria<\/strong>: No<\/li>\n<\/ul>\n<\/div>\n\t\t\t\t\t\t\t<\/div>\n\t\t\t\t\t\t<\/div><div class=\" jet-accordion__item jet-toggle jet-toggle-move-up-effect \">\n\t\t\t\t\t\t\t<div id=\"jet-toggle-control-6153\" class=\"jet-toggle__control elementor-menu-anchor\" data-toggle=\"3\" role=\"button\" tabindex=\"0\" aria-controls=\"jet-toggle-content-6153\" aria-expanded=\"false\" data-template-id=\"false\">\n\t\t\t\t\t\t\t\t<div class=\"jet-toggle__label-icon jet-toggle-icon-position-left\"><span class=\"jet-toggle__icon icon-normal jet-tabs-icon\"><i class=\"fas fa-plus\"><\/i><\/span><span class=\"jet-toggle__icon icon-active jet-tabs-icon\"><i class=\"fas fa-minus\"><\/i><\/span><\/div><div class=\"jet-toggle__label-text\">Accesorios adicionales<\/div>\t\t\t\t\t\t\t<\/div>\n\t\t\t\t\t\t\t<div id=\"jet-toggle-content-6153\" class=\"jet-toggle__content\" data-toggle=\"3\" role=\"region\" data-template-id=\"false\">\n\t\t\t\t\t\t\t\t<div class=\"jet-toggle__content-inner\"><\/div>\n\t\t\t\t\t\t\t<\/div>\n\t\t\t\t\t\t<\/div>\t\t\t<\/div>\n\t\t<\/div>\n\t\t\t\t\t\t<\/div>\n\t\t\t\t<\/div>\n\t\t\t\t\t<\/div>\n\t\t<\/div>\n\t\t\t\t\t<\/div>\n\t\t<\/section>\n\t\t\t\t<\/div>\n\t\t","protected":false},"excerpt":{"rendered":"<p>Accueil EXTENSI\u00d3N CASSANDRA AIR Precio de venta recomendado : 519,00\u20ac Ref. : P973072 Ampl\u00ede su avance Cassandra Air con la Extensi\u00f3n Cassandra Air de Soplair, que ofrece un vers\u00e1til espacio extra para almacenamiento o para la vida diaria, disponible en versiones derecha o izquierda, ver m\u00e1s &#8230; Descripci\u00f3n Ampliaci\u00f3n Cassandra Air de Soplair: m\u00e1s espacio [&hellip;]<\/p>\n","protected":false},"author":5,"featured_media":0,"parent":10280,"menu_order":0,"comment_status":"closed","ping_status":"closed","template":"","meta":{"footnotes":""},"class_list":["post-10420","page","type-page","status-publish","hentry"],"yoast_head":"<!-- This site is optimized with the Yoast SEO plugin v27.2 - https:\/\/yoast.com\/product\/yoast-seo-wordpress\/ -->\n<title>Extensi\u00f3n de Cassandra Air - Page d&#039;accueil | Soplair\u2122 Fabricant d&#039;accessoires de Loisirs ...<\/title>\n<meta name=\"robots\" content=\"index, follow, max-snippet:-1, max-image-preview:large, max-video-preview:-1\" \/>\n<link rel=\"canonical\" href=\"https:\/\/soplair.com\/es\/productos\/avances-tradicionales-e-hinchables\/ampliacion-de-cassandra-air\/\" \/>\n<meta property=\"og:locale\" content=\"es_ES\" \/>\n<meta property=\"og:type\" content=\"article\" \/>\n<meta property=\"og:title\" content=\"Extensi\u00f3n de Cassandra Air - Page d&#039;accueil | Soplair\u2122 Fabricant d&#039;accessoires de Loisirs ...\" \/>\n<meta property=\"og:description\" content=\"Accueil EXTENSI\u00d3N CASSANDRA AIR Precio de venta recomendado : 519,00\u20ac Ref. : P973072 Ampl\u00ede su avance Cassandra Air con la Extensi\u00f3n Cassandra Air de Soplair, que ofrece un vers\u00e1til espacio extra para almacenamiento o para la vida diaria, disponible en versiones derecha o izquierda, ver m\u00e1s &#8230; Descripci\u00f3n Ampliaci\u00f3n Cassandra Air de Soplair: m\u00e1s espacio [&hellip;]\" \/>\n<meta property=\"og:url\" content=\"https:\/\/soplair.com\/es\/productos\/avances-tradicionales-e-hinchables\/ampliacion-de-cassandra-air\/\" \/>\n<meta property=\"og:site_name\" content=\"Page d&#039;accueil | Soplair\u2122 Fabricant d&#039;accessoires de Loisirs ...\" \/>\n<meta property=\"article:modified_time\" content=\"2024-07-08T14:31:09+00:00\" \/>\n<meta property=\"og:image\" content=\"https:\/\/soplair.com\/wp-content\/uploads\/elementor\/thumbs\/extension-cassandra-air-qn82417ykq34jombjq1hknij4v3r7v6i9jkonirru4.png\" \/>\n<meta name=\"twitter:card\" content=\"summary_large_image\" \/>\n<meta name=\"twitter:label1\" content=\"Tiempo de lectura\" \/>\n\t<meta name=\"twitter:data1\" content=\"2 minutos\" \/>\n<script type=\"application\/ld+json\" class=\"yoast-schema-graph\">{\"@context\":\"https:\/\/schema.org\",\"@graph\":[{\"@type\":\"WebPage\",\"@id\":\"https:\/\/soplair.com\/es\/productos\/avances-tradicionales-e-hinchables\/ampliacion-de-cassandra-air\/\",\"url\":\"https:\/\/soplair.com\/es\/productos\/avances-tradicionales-e-hinchables\/ampliacion-de-cassandra-air\/\",\"name\":\"Extensi\u00f3n de Cassandra Air - Page d&#039;accueil | Soplair\u2122 Fabricant d&#039;accessoires de Loisirs ...\",\"isPartOf\":{\"@id\":\"https:\/\/soplair.com\/es\/#website\"},\"primaryImageOfPage\":{\"@id\":\"https:\/\/soplair.com\/es\/productos\/avances-tradicionales-e-hinchables\/ampliacion-de-cassandra-air\/#primaryimage\"},\"image\":{\"@id\":\"https:\/\/soplair.com\/es\/productos\/avances-tradicionales-e-hinchables\/ampliacion-de-cassandra-air\/#primaryimage\"},\"thumbnailUrl\":\"https:\/\/soplair.com\/wp-content\/uploads\/elementor\/thumbs\/extension-cassandra-air-qn82417ykq34jombjq1hknij4v3r7v6i9jkonirru4.png\",\"datePublished\":\"2024-04-25T09:14:35+00:00\",\"dateModified\":\"2024-07-08T14:31:09+00:00\",\"breadcrumb\":{\"@id\":\"https:\/\/soplair.com\/es\/productos\/avances-tradicionales-e-hinchables\/ampliacion-de-cassandra-air\/#breadcrumb\"},\"inLanguage\":\"es\",\"potentialAction\":[{\"@type\":\"ReadAction\",\"target\":[\"https:\/\/soplair.com\/es\/productos\/avances-tradicionales-e-hinchables\/ampliacion-de-cassandra-air\/\"]}]},{\"@type\":\"ImageObject\",\"inLanguage\":\"es\",\"@id\":\"https:\/\/soplair.com\/es\/productos\/avances-tradicionales-e-hinchables\/ampliacion-de-cassandra-air\/#primaryimage\",\"url\":\"https:\/\/soplair.com\/wp-content\/uploads\/elementor\/thumbs\/extension-cassandra-air-qn82417ykq34jombjq1hknij4v3r7v6i9jkonirru4.png\",\"contentUrl\":\"https:\/\/soplair.com\/wp-content\/uploads\/elementor\/thumbs\/extension-cassandra-air-qn82417ykq34jombjq1hknij4v3r7v6i9jkonirru4.png\"},{\"@type\":\"BreadcrumbList\",\"@id\":\"https:\/\/soplair.com\/es\/productos\/avances-tradicionales-e-hinchables\/ampliacion-de-cassandra-air\/#breadcrumb\",\"itemListElement\":[{\"@type\":\"ListItem\",\"position\":1,\"name\":\"Productos\",\"item\":\"https:\/\/soplair.com\/es\/productos\/\"},{\"@type\":\"ListItem\",\"position\":2,\"name\":\"Avances tradicionales e hinchables\",\"item\":\"https:\/\/soplair.com\/es\/produits\/auvents-traditionnels-and-gonflables\/\"},{\"@type\":\"ListItem\",\"position\":3,\"name\":\"Extensi\u00f3n de Cassandra Air\"}]},{\"@type\":\"WebSite\",\"@id\":\"https:\/\/soplair.com\/es\/#website\",\"url\":\"https:\/\/soplair.com\/es\/\",\"name\":\"Page d&#039;accueil | Soplair\u2122 Fabricant d&#039;accessoires de Loisirs ...\",\"description\":\"ISOLANTS THERMIQUES &amp; MOBILIERS DE PLEIN-AIR POUR VOS LOISIRS. Les produits SOPLAIR. AUVENTS TRADITIONNELS &amp; GONFLABLES SP\u00c9CIAL CARAVANES.\",\"publisher\":{\"@id\":\"https:\/\/soplair.com\/es\/#organization\"},\"potentialAction\":[{\"@type\":\"SearchAction\",\"target\":{\"@type\":\"EntryPoint\",\"urlTemplate\":\"https:\/\/soplair.com\/es\/?s={search_term_string}\"},\"query-input\":{\"@type\":\"PropertyValueSpecification\",\"valueRequired\":true,\"valueName\":\"search_term_string\"}}],\"inLanguage\":\"es\"},{\"@type\":\"Organization\",\"@id\":\"https:\/\/soplair.com\/es\/#organization\",\"name\":\"Page d&#039;accueil | Soplair\u2122 Fabricant d&#039;accessoires de Loisirs ...\",\"url\":\"https:\/\/soplair.com\/es\/\",\"logo\":{\"@type\":\"ImageObject\",\"inLanguage\":\"es\",\"@id\":\"https:\/\/soplair.com\/es\/#\/schema\/logo\/image\/\",\"url\":\"https:\/\/soplair.com\/wp-content\/uploads\/2020\/01\/cropped-Fichier-1.png\",\"contentUrl\":\"https:\/\/soplair.com\/wp-content\/uploads\/2020\/01\/cropped-Fichier-1.png\",\"width\":1719,\"height\":507,\"caption\":\"Page d&#039;accueil | Soplair\u2122 Fabricant d&#039;accessoires de Loisirs ...\"},\"image\":{\"@id\":\"https:\/\/soplair.com\/es\/#\/schema\/logo\/image\/\"}}]}<\/script>\n<!-- \/ Yoast SEO plugin. -->","yoast_head_json":{"title":"Extensi\u00f3n de Cassandra Air - Page d&#039;accueil | Soplair\u2122 Fabricant d&#039;accessoires de Loisirs ...","robots":{"index":"index","follow":"follow","max-snippet":"max-snippet:-1","max-image-preview":"max-image-preview:large","max-video-preview":"max-video-preview:-1"},"canonical":"https:\/\/soplair.com\/es\/productos\/avances-tradicionales-e-hinchables\/ampliacion-de-cassandra-air\/","og_locale":"es_ES","og_type":"article","og_title":"Extensi\u00f3n de Cassandra Air - Page d&#039;accueil | Soplair\u2122 Fabricant d&#039;accessoires de Loisirs ...","og_description":"Accueil EXTENSI\u00d3N CASSANDRA AIR Precio de venta recomendado : 519,00\u20ac Ref. : P973072 Ampl\u00ede su avance Cassandra Air con la Extensi\u00f3n Cassandra Air de Soplair, que ofrece un vers\u00e1til espacio extra para almacenamiento o para la vida diaria, disponible en versiones derecha o izquierda, ver m\u00e1s &#8230; Descripci\u00f3n Ampliaci\u00f3n Cassandra Air de Soplair: m\u00e1s espacio [&hellip;]","og_url":"https:\/\/soplair.com\/es\/productos\/avances-tradicionales-e-hinchables\/ampliacion-de-cassandra-air\/","og_site_name":"Page d&#039;accueil | Soplair\u2122 Fabricant d&#039;accessoires de Loisirs ...","article_modified_time":"2024-07-08T14:31:09+00:00","og_image":[{"url":"https:\/\/soplair.com\/wp-content\/uploads\/elementor\/thumbs\/extension-cassandra-air-qn82417ykq34jombjq1hknij4v3r7v6i9jkonirru4.png","type":"","width":"","height":""}],"twitter_card":"summary_large_image","twitter_misc":{"Tiempo de lectura":"2 minutos"},"schema":{"@context":"https:\/\/schema.org","@graph":[{"@type":"WebPage","@id":"https:\/\/soplair.com\/es\/productos\/avances-tradicionales-e-hinchables\/ampliacion-de-cassandra-air\/","url":"https:\/\/soplair.com\/es\/productos\/avances-tradicionales-e-hinchables\/ampliacion-de-cassandra-air\/","name":"Extensi\u00f3n de Cassandra Air - Page d&#039;accueil | Soplair\u2122 Fabricant d&#039;accessoires de Loisirs ...","isPartOf":{"@id":"https:\/\/soplair.com\/es\/#website"},"primaryImageOfPage":{"@id":"https:\/\/soplair.com\/es\/productos\/avances-tradicionales-e-hinchables\/ampliacion-de-cassandra-air\/#primaryimage"},"image":{"@id":"https:\/\/soplair.com\/es\/productos\/avances-tradicionales-e-hinchables\/ampliacion-de-cassandra-air\/#primaryimage"},"thumbnailUrl":"https:\/\/soplair.com\/wp-content\/uploads\/elementor\/thumbs\/extension-cassandra-air-qn82417ykq34jombjq1hknij4v3r7v6i9jkonirru4.png","datePublished":"2024-04-25T09:14:35+00:00","dateModified":"2024-07-08T14:31:09+00:00","breadcrumb":{"@id":"https:\/\/soplair.com\/es\/productos\/avances-tradicionales-e-hinchables\/ampliacion-de-cassandra-air\/#breadcrumb"},"inLanguage":"es","potentialAction":[{"@type":"ReadAction","target":["https:\/\/soplair.com\/es\/productos\/avances-tradicionales-e-hinchables\/ampliacion-de-cassandra-air\/"]}]},{"@type":"ImageObject","inLanguage":"es","@id":"https:\/\/soplair.com\/es\/productos\/avances-tradicionales-e-hinchables\/ampliacion-de-cassandra-air\/#primaryimage","url":"https:\/\/soplair.com\/wp-content\/uploads\/elementor\/thumbs\/extension-cassandra-air-qn82417ykq34jombjq1hknij4v3r7v6i9jkonirru4.png","contentUrl":"https:\/\/soplair.com\/wp-content\/uploads\/elementor\/thumbs\/extension-cassandra-air-qn82417ykq34jombjq1hknij4v3r7v6i9jkonirru4.png"},{"@type":"BreadcrumbList","@id":"https:\/\/soplair.com\/es\/productos\/avances-tradicionales-e-hinchables\/ampliacion-de-cassandra-air\/#breadcrumb","itemListElement":[{"@type":"ListItem","position":1,"name":"Productos","item":"https:\/\/soplair.com\/es\/productos\/"},{"@type":"ListItem","position":2,"name":"Avances tradicionales e hinchables","item":"https:\/\/soplair.com\/es\/produits\/auvents-traditionnels-and-gonflables\/"},{"@type":"ListItem","position":3,"name":"Extensi\u00f3n de Cassandra Air"}]},{"@type":"WebSite","@id":"https:\/\/soplair.com\/es\/#website","url":"https:\/\/soplair.com\/es\/","name":"Page d&#039;accueil | Soplair\u2122 Fabricant d&#039;accessoires de Loisirs ...","description":"ISOLANTS THERMIQUES &amp; MOBILIERS DE PLEIN-AIR POUR VOS LOISIRS. Les produits SOPLAIR. AUVENTS TRADITIONNELS &amp; GONFLABLES SP\u00c9CIAL CARAVANES.","publisher":{"@id":"https:\/\/soplair.com\/es\/#organization"},"potentialAction":[{"@type":"SearchAction","target":{"@type":"EntryPoint","urlTemplate":"https:\/\/soplair.com\/es\/?s={search_term_string}"},"query-input":{"@type":"PropertyValueSpecification","valueRequired":true,"valueName":"search_term_string"}}],"inLanguage":"es"},{"@type":"Organization","@id":"https:\/\/soplair.com\/es\/#organization","name":"Page d&#039;accueil | Soplair\u2122 Fabricant d&#039;accessoires de Loisirs ...","url":"https:\/\/soplair.com\/es\/","logo":{"@type":"ImageObject","inLanguage":"es","@id":"https:\/\/soplair.com\/es\/#\/schema\/logo\/image\/","url":"https:\/\/soplair.com\/wp-content\/uploads\/2020\/01\/cropped-Fichier-1.png","contentUrl":"https:\/\/soplair.com\/wp-content\/uploads\/2020\/01\/cropped-Fichier-1.png","width":1719,"height":507,"caption":"Page d&#039;accueil | Soplair\u2122 Fabricant d&#039;accessoires de Loisirs ..."},"image":{"@id":"https:\/\/soplair.com\/es\/#\/schema\/logo\/image\/"}}]}},"_links":{"self":[{"href":"https:\/\/soplair.com\/es\/wp-json\/wp\/v2\/pages\/10420","targetHints":{"allow":["GET"]}}],"collection":[{"href":"https:\/\/soplair.com\/es\/wp-json\/wp\/v2\/pages"}],"about":[{"href":"https:\/\/soplair.com\/es\/wp-json\/wp\/v2\/types\/page"}],"author":[{"embeddable":true,"href":"https:\/\/soplair.com\/es\/wp-json\/wp\/v2\/users\/5"}],"replies":[{"embeddable":true,"href":"https:\/\/soplair.com\/es\/wp-json\/wp\/v2\/comments?post=10420"}],"version-history":[{"count":14,"href":"https:\/\/soplair.com\/es\/wp-json\/wp\/v2\/pages\/10420\/revisions"}],"predecessor-version":[{"id":17316,"href":"https:\/\/soplair.com\/es\/wp-json\/wp\/v2\/pages\/10420\/revisions\/17316"}],"up":[{"embeddable":true,"href":"https:\/\/soplair.com\/es\/wp-json\/wp\/v2\/pages\/10280"}],"wp:attachment":[{"href":"https:\/\/soplair.com\/es\/wp-json\/wp\/v2\/media?parent=10420"}],"curies":[{"name":"wp","href":"https:\/\/api.w.org\/{rel}","templated":true}]}}