{"id":18324,"date":"2025-10-06T15:41:24","date_gmt":"2025-10-06T13:41:24","guid":{"rendered":"https:\/\/soplair.com\/alfombrilla-antimoho-soplair-para-tienda-de-techo-eclipse\/"},"modified":"2025-10-06T15:51:28","modified_gmt":"2025-10-06T13:51:28","slug":"alfombrilla-antimoho-soplair-para-tienda-de-techo-eclipse","status":"publish","type":"page","link":"https:\/\/soplair.com\/es\/alfombrilla-antimoho-soplair-para-tienda-de-techo-eclipse\/","title":{"rendered":"Alfombrilla antimoho Soplair para tienda de techo Eclipse"},"content":{"rendered":"\t\t<div data-elementor-type=\"wp-page\" data-elementor-id=\"18324\" class=\"elementor elementor-18324 elementor-18306\">\n\t\t\t\t\t\t<section class=\"elementor-section elementor-top-section elementor-element elementor-element-17a0a95b elementor-section-boxed elementor-section-height-default elementor-section-height-default\" data-id=\"17a0a95b\" data-element_type=\"section\" data-e-type=\"section\" data-settings=\"{&quot;jet_parallax_layout_list&quot;:[]}\">\n\t\t\t\t\t\t<div class=\"elementor-container elementor-column-gap-default\">\n\t\t\t\t\t<div class=\"elementor-column elementor-col-100 elementor-top-column elementor-element elementor-element-40ee6076\" data-id=\"40ee6076\" data-element_type=\"column\" data-e-type=\"column\">\n\t\t\t<div class=\"elementor-widget-wrap elementor-element-populated\">\n\t\t\t\t\t\t<div class=\"elementor-element elementor-element-3d87bafe elementor-widget elementor-widget-jet-breadcrumbs\" data-id=\"3d87bafe\" data-element_type=\"widget\" data-e-type=\"widget\" data-widget_type=\"jet-breadcrumbs.default\">\n\t\t\t\t<div class=\"elementor-widget-container\">\n\t\t\t\t\t<div class=\"elementor-jet-breadcrumbs jet-blocks\">\n\t\t<div class=\"jet-breadcrumbs\">\n\t\t<div class=\"jet-breadcrumbs__content\">\n\t\t<div class=\"jet-breadcrumbs__wrap\"><div class=\"jet-breadcrumbs__item\"><a href=\"https:\/\/soplair.com\/es\/\" class=\"jet-breadcrumbs__item-link is-home\" rel=\"home\" title=\"Inicio\">Inicio<\/a><\/div>\n\t\t<\/div>\n\t\t<\/div>\n\t\t<\/div><\/div>\t\t\t\t<\/div>\n\t\t\t\t<\/div>\n\t\t\t\t<div class=\"elementor-element elementor-element-3dade6a5 elementor-arrows-position-inside elementor-pagination-position-outside elementor-widget elementor-widget-image-carousel\" data-id=\"3dade6a5\" data-element_type=\"widget\" data-e-type=\"widget\" data-settings=\"{&quot;slides_to_show&quot;:&quot;1&quot;,&quot;autoplay_speed&quot;:3500,&quot;navigation&quot;:&quot;both&quot;,&quot;autoplay&quot;:&quot;yes&quot;,&quot;pause_on_hover&quot;:&quot;yes&quot;,&quot;pause_on_interaction&quot;:&quot;yes&quot;,&quot;infinite&quot;:&quot;yes&quot;,&quot;effect&quot;:&quot;slide&quot;,&quot;speed&quot;:500}\" data-widget_type=\"image-carousel.default\">\n\t\t\t\t<div class=\"elementor-widget-container\">\n\t\t\t\t\t\t\t<div class=\"elementor-image-carousel-wrapper swiper\" role=\"region\" aria-roledescription=\"carousel\" aria-label=\"Carrousel d\u2019images\" dir=\"ltr\">\n\t\t\t<div class=\"elementor-image-carousel swiper-wrapper\" aria-live=\"off\">\n\t\t\t\t\t\t\t\t<div class=\"swiper-slide\" role=\"group\" aria-roledescription=\"slide\" aria-label=\"1 de 2\"><figure class=\"swiper-slide-inner\"><img decoding=\"async\" class=\"swiper-slide-image\" src=\"https:\/\/soplair.com\/wp-content\/uploads\/2025\/10\/777552_D2-1-300x200.jpg\" alt=\"777552_D2 (1)\" \/><\/figure><\/div><div class=\"swiper-slide\" role=\"group\" aria-roledescription=\"slide\" aria-label=\"2 de 2\"><figure class=\"swiper-slide-inner\"><img decoding=\"async\" class=\"swiper-slide-image\" src=\"https:\/\/soplair.com\/wp-content\/uploads\/2025\/10\/777552_PA-1-300x188.jpg\" alt=\"default\" \/><\/figure><\/div>\t\t\t<\/div>\n\t\t\t\t\t\t\t\t\t\t\t\t<div class=\"elementor-swiper-button elementor-swiper-button-prev\" role=\"button\" tabindex=\"0\">\n\t\t\t\t\t\t<i aria-hidden=\"true\" class=\"eicon-chevron-left\"><\/i>\t\t\t\t\t<\/div>\n\t\t\t\t\t<div class=\"elementor-swiper-button elementor-swiper-button-next\" role=\"button\" tabindex=\"0\">\n\t\t\t\t\t\t<i aria-hidden=\"true\" class=\"eicon-chevron-right\"><\/i>\t\t\t\t\t<\/div>\n\t\t\t\t\n\t\t\t\t\t\t\t\t\t<div class=\"swiper-pagination\"><\/div>\n\t\t\t\t\t\t\t\t\t<\/div>\n\t\t\t\t\t\t<\/div>\n\t\t\t\t<\/div>\n\t\t\t\t<div class=\"elementor-element elementor-element-4d9f4d54 elementor-widget-divider--view-line elementor-widget elementor-widget-divider\" data-id=\"4d9f4d54\" data-element_type=\"widget\" data-e-type=\"widget\" data-widget_type=\"divider.default\">\n\t\t\t\t<div class=\"elementor-widget-container\">\n\t\t\t\t\t\t\t<div class=\"elementor-divider\">\n\t\t\t<span class=\"elementor-divider-separator\">\n\t\t\t\t\t\t<\/span>\n\t\t<\/div>\n\t\t\t\t\t\t<\/div>\n\t\t\t\t<\/div>\n\t\t\t\t<div class=\"elementor-element elementor-element-5d70cad6 elementor-widget elementor-widget-heading\" data-id=\"5d70cad6\" data-element_type=\"widget\" data-e-type=\"widget\" data-widget_type=\"heading.default\">\n\t\t\t\t<div class=\"elementor-widget-container\">\n\t\t\t\t\t<h2 class=\"elementor-heading-title elementor-size-default\">Alfombrilla antimoho Soplair para tienda de techo Eclipse<\/h2>\t\t\t\t<\/div>\n\t\t\t\t<\/div>\n\t\t\t\t<div class=\"elementor-element elementor-element-695df855 elementor-widget elementor-widget-text-editor\" data-id=\"695df855\" data-element_type=\"widget\" data-e-type=\"widget\" data-widget_type=\"text-editor.default\">\n\t\t\t\t<div class=\"elementor-widget-container\">\n\t\t\t\t\t\t\t\t\t<h5><strong>Precio de venta recomendado: 35,00 \u20ac<\/strong><\/h5>\t\t\t\t\t\t\t\t<\/div>\n\t\t\t\t<\/div>\n\t\t\t\t<div class=\"elementor-element elementor-element-58f5f4a0 elementor-widget elementor-widget-text-editor\" data-id=\"58f5f4a0\" data-element_type=\"widget\" data-e-type=\"widget\" data-widget_type=\"text-editor.default\">\n\t\t\t\t<div class=\"elementor-widget-container\">\n\t\t\t\t\t\t\t\t\t<h4><strong>Ref. : 777555<\/strong><\/h4>\t\t\t\t\t\t\t\t<\/div>\n\t\t\t\t<\/div>\n\t\t\t\t<div class=\"elementor-element elementor-element-2984a2e6 elementor-widget elementor-widget-text-editor\" data-id=\"2984a2e6\" data-element_type=\"widget\" data-e-type=\"widget\" data-widget_type=\"text-editor.default\">\n\t\t\t\t<div class=\"elementor-widget-container\">\n\t\t\t\t\t\t\t\t\t<h5>Protege tu colch\u00f3n de la humedad y disfruta de noches m\u00e1s sanas y confortables, incluso en condiciones h\u00famedas.<\/h5>\t\t\t\t\t\t\t\t<\/div>\n\t\t\t\t<\/div>\n\t\t\t\t\t<\/div>\n\t\t<\/div>\n\t\t\t\t\t<\/div>\n\t\t<\/section>\n\t\t\t\t<section class=\"elementor-section elementor-top-section elementor-element elementor-element-6fd61d0d elementor-section-boxed elementor-section-height-default elementor-section-height-default\" data-id=\"6fd61d0d\" data-element_type=\"section\" data-e-type=\"section\" data-settings=\"{&quot;jet_parallax_layout_list&quot;:[]}\">\n\t\t\t\t\t\t<div class=\"elementor-container elementor-column-gap-default\">\n\t\t\t\t\t<div class=\"elementor-column elementor-col-100 elementor-top-column elementor-element elementor-element-4c0085be\" data-id=\"4c0085be\" data-element_type=\"column\" data-e-type=\"column\">\n\t\t\t<div class=\"elementor-widget-wrap elementor-element-populated\">\n\t\t\t\t\t\t<div class=\"elementor-element elementor-element-fc8cced elementor-widget elementor-widget-menu-anchor\" data-id=\"fc8cced\" data-element_type=\"widget\" data-e-type=\"widget\" data-widget_type=\"menu-anchor.default\">\n\t\t\t\t<div class=\"elementor-widget-container\">\n\t\t\t\t\t\t\t<div class=\"elementor-menu-anchor\" id=\"ancre\"><\/div>\n\t\t\t\t\t\t<\/div>\n\t\t\t\t<\/div>\n\t\t\t\t<div class=\"elementor-element elementor-element-24b231bb elementor-widget elementor-widget-jet-accordion\" data-id=\"24b231bb\" data-element_type=\"widget\" data-e-type=\"widget\" data-widget_type=\"jet-accordion.default\">\n\t\t\t\t<div class=\"elementor-widget-container\">\n\t\t\t\t\t\t\t\t\t<div class=\"jet-accordion\" data-settings=\"{&quot;collapsible&quot;:false,&quot;ajaxTemplate&quot;:false,&quot;switchScrolling&quot;:false,&quot;switchScrollingOffset&quot;:0,&quot;switchScrollingDelay&quot;:500}\">\n\t\t\t<div class=\"jet-accordion__inner\">\n\t\t\t\t<div class=\" jet-accordion__item jet-toggle jet-toggle-move-up-effect \">\n\t\t\t\t\t\t\t<div id=\"jet-toggle-control-6151\" class=\"jet-toggle__control elementor-menu-anchor\" data-toggle=\"1\" role=\"button\" tabindex=\"0\" aria-controls=\"jet-toggle-content-6151\" aria-expanded=\"false\" data-template-id=\"false\">\n\t\t\t\t\t\t\t\t<div class=\"jet-toggle__label-icon jet-toggle-icon-position-left\"><span class=\"jet-toggle__icon icon-normal jet-tabs-icon\"><i class=\"fas fa-plus\"><\/i><\/span><span class=\"jet-toggle__icon icon-active jet-tabs-icon\"><i class=\"fas fa-minus\"><\/i><\/span><\/div><div class=\"jet-toggle__label-text\">Descripci\u00f3n<\/div>\t\t\t\t\t\t\t<\/div>\n\t\t\t\t\t\t\t<div id=\"jet-toggle-content-6151\" class=\"jet-toggle__content\" data-toggle=\"1\" role=\"region\" data-template-id=\"false\">\n\t\t\t\t\t\t\t\t<div class=\"jet-toggle__content-inner\"><p>Protege tu colch\u00f3n y prolonga la vida \u00fatil de tu tienda de techo<br \/>Cuando se viaja con frecuencia en tienda de techo, la humedad puede convertirse r\u00e1pidamente en un enemigo silencioso. Ya sea por la condensaci\u00f3n nocturna, el aire h\u00famedo o los cambios de temperatura, estos factores pueden provocar la aparici\u00f3n de moho bajo el colch\u00f3n si no se utiliza una protecci\u00f3n adecuada. <\/p>\n<p>Dise\u00f1ada especialmente para la tienda de techo Eclipse de Soplair, esta alfombrilla antimoho act\u00faa como una barrera protectora entre el colch\u00f3n y el suelo de la tienda. Evita la acumulaci\u00f3n de humedad y mantiene un entorno de descanso limpio, seco y fresco, viaje tras viaje. <\/p>\n<p>Su estructura t\u00e9cnica favorece una ventilaci\u00f3n continua, impidiendo la formaci\u00f3n de moho, manchas negras y malos olores. Tanto si se trata de una escapada de fin de semana como de un largo road trip, esta alfombrilla garantiza un entorno de descanso m\u00e1s saludable y confortable. <\/p>\n<p>Una barrera invisible contra la humedad durante tus viajes<br \/>Gracias a su dise\u00f1o robusto y adaptado a un uso n\u00f3mada, la alfombrilla antimoho ofrece una soluci\u00f3n duradera para los campistas itinerantes. Se coloca f\u00e1cilmente bajo el colch\u00f3n sin afectar al confort ni al plegado de la tienda. Su grosor fino y su peso ligero permiten dejarla instalada permanentemente, sin molestias al guardar o cerrar la tienda Eclipse.  <\/p>\n<p>En ambientes h\u00famedos, junto al mar, en la monta\u00f1a o en el bosque, esta alfombrilla se convierte r\u00e1pidamente en un accesorio esencial para proteger la ropa de cama. Basta con sacudirla o limpiarla ocasionalmente para mantenerla en perfecto estado.  <\/p>\n<p>Para los aventureros, vanlifers y autocaravanistas exigentes, esta alfombrilla antimoho es un accesorio imprescindible para mantener una tienda de techo limpia, seca y duradera a\u00f1o tras a\u00f1o.<\/p>\n<\/div>\n\t\t\t\t\t\t\t<\/div>\n\t\t\t\t\t\t<\/div><div class=\" jet-accordion__item jet-toggle jet-toggle-move-up-effect \">\n\t\t\t\t\t\t\t<div id=\"jet-toggle-control-6152\" class=\"jet-toggle__control elementor-menu-anchor\" data-toggle=\"2\" role=\"button\" tabindex=\"0\" aria-controls=\"jet-toggle-content-6152\" aria-expanded=\"false\" data-template-id=\"false\">\n\t\t\t\t\t\t\t\t<div class=\"jet-toggle__label-icon jet-toggle-icon-position-left\"><span class=\"jet-toggle__icon icon-normal jet-tabs-icon\"><i class=\"fas fa-plus\"><\/i><\/span><span class=\"jet-toggle__icon icon-active jet-tabs-icon\"><i class=\"fas fa-minus\"><\/i><\/span><\/div><div class=\"jet-toggle__label-text\">Para m\u00e1s informaci\u00f3n<\/div>\t\t\t\t\t\t\t<\/div>\n\t\t\t\t\t\t\t<div id=\"jet-toggle-content-6152\" class=\"jet-toggle__content\" data-toggle=\"2\" role=\"region\" data-template-id=\"false\">\n\t\t\t\t\t\t\t\t<div class=\"jet-toggle__content-inner\"><p>Compatibilidad: Tienda de techo Eclipse \u2013 Soplair<br \/>Funci\u00f3n principal: Protecci\u00f3n antimoho bajo el colch\u00f3n<br \/>Estructura: Tejido transpirable con circulaci\u00f3n de aire integrada<br \/>Instalaci\u00f3n: Se coloca f\u00e1cilmente bajo el colch\u00f3n<br \/>Uso: Todo el a\u00f1o, incluso en zonas h\u00famedas<br \/>Dimensiones: Adaptadas al \u00e1rea de descanso est\u00e1ndar de la tienda Eclipse<br \/>Mantenimiento: Lavable y resistente al desgaste<br \/>Materiales: Fibras sint\u00e9ticas duraderas<br \/>Color: Discreto y neutro<br \/>Peso: Ligero y compatible con el plegado de la tienda<\/p>\n<p>Prevenci\u00f3n activa del moho<br \/>Ventilaci\u00f3n continua del colch\u00f3n<br \/>Mayor confort<br \/>Higiene duradera<br \/>Instalaci\u00f3n sencilla<br \/>Ligera y compacta<br \/>Compatible con el plegado de la tienda<br \/>Utilizable durante todo el a\u00f1o<br \/>F\u00e1cil mantenimiento<\/p>\n<\/div>\n\t\t\t\t\t\t\t<\/div>\n\t\t\t\t\t\t<\/div><div class=\" jet-accordion__item jet-toggle jet-toggle-move-up-effect \">\n\t\t\t\t\t\t\t<div id=\"jet-toggle-control-6153\" class=\"jet-toggle__control elementor-menu-anchor\" data-toggle=\"3\" role=\"button\" tabindex=\"0\" aria-controls=\"jet-toggle-content-6153\" aria-expanded=\"false\" data-template-id=\"false\">\n\t\t\t\t\t\t\t\t<div class=\"jet-toggle__label-icon jet-toggle-icon-position-left\"><span class=\"jet-toggle__icon icon-normal jet-tabs-icon\"><i class=\"fas fa-plus\"><\/i><\/span><span class=\"jet-toggle__icon icon-active jet-tabs-icon\"><i class=\"fas fa-minus\"><\/i><\/span><\/div><div class=\"jet-toggle__label-text\">Accesorios adicionales<\/div>\t\t\t\t\t\t\t<\/div>\n\t\t\t\t\t\t\t<div id=\"jet-toggle-content-6153\" class=\"jet-toggle__content\" data-toggle=\"3\" role=\"region\" data-template-id=\"false\">\n\t\t\t\t\t\t\t\t<div class=\"jet-toggle__content-inner\"><\/div>\n\t\t\t\t\t\t\t<\/div>\n\t\t\t\t\t\t<\/div>\t\t\t<\/div>\n\t\t<\/div>\n\t\t\t\t\t\t<\/div>\n\t\t\t\t<\/div>\n\t\t\t\t\t<\/div>\n\t\t<\/div>\n\t\t\t\t\t<\/div>\n\t\t<\/section>\n\t\t\t\t<\/div>\n\t\t","protected":false},"excerpt":{"rendered":"<p>Accueil Alfombrilla antimoho Soplair para tienda de techo Eclipse Precio de venta recomendado: 35,00 \u20ac Ref. : 777555 Protege tu colch\u00f3n de la humedad y disfruta de noches m\u00e1s sanas y confortables, incluso en condiciones h\u00famedas. Descripci\u00f3n Protege tu colch\u00f3n y prolonga la vida \u00fatil de tu tienda de techoCuando se viaja con frecuencia en [&hellip;]<\/p>\n","protected":false},"author":1,"featured_media":0,"parent":0,"menu_order":0,"comment_status":"closed","ping_status":"closed","template":"","meta":{"footnotes":""},"class_list":["post-18324","page","type-page","status-publish","hentry"],"yoast_head":"<!-- This site is optimized with the Yoast SEO plugin v27.2 - https:\/\/yoast.com\/product\/yoast-seo-wordpress\/ -->\n<title>Alfombrilla antimoho Soplair para tienda de techo Eclipse - Page d&#039;accueil | Soplair\u2122 Fabricant d&#039;accessoires de Loisirs ...<\/title>\n<meta name=\"robots\" content=\"index, follow, max-snippet:-1, max-image-preview:large, max-video-preview:-1\" \/>\n<link rel=\"canonical\" href=\"https:\/\/soplair.com\/es\/alfombrilla-antimoho-soplair-para-tienda-de-techo-eclipse\/\" \/>\n<meta property=\"og:locale\" content=\"es_ES\" \/>\n<meta property=\"og:type\" content=\"article\" \/>\n<meta property=\"og:title\" content=\"Alfombrilla antimoho Soplair para tienda de techo Eclipse - Page d&#039;accueil | Soplair\u2122 Fabricant d&#039;accessoires de Loisirs ...\" \/>\n<meta property=\"og:description\" content=\"Accueil Alfombrilla antimoho Soplair para tienda de techo Eclipse Precio de venta recomendado: 35,00 \u20ac Ref. : 777555 Protege tu colch\u00f3n de la humedad y disfruta de noches m\u00e1s sanas y confortables, incluso en condiciones h\u00famedas. Descripci\u00f3n Protege tu colch\u00f3n y prolonga la vida \u00fatil de tu tienda de techoCuando se viaja con frecuencia en [&hellip;]\" \/>\n<meta property=\"og:url\" content=\"https:\/\/soplair.com\/es\/alfombrilla-antimoho-soplair-para-tienda-de-techo-eclipse\/\" \/>\n<meta property=\"og:site_name\" content=\"Page d&#039;accueil | Soplair\u2122 Fabricant d&#039;accessoires de Loisirs ...\" \/>\n<meta property=\"article:modified_time\" content=\"2025-10-06T13:51:28+00:00\" \/>\n<meta property=\"og:image\" content=\"https:\/\/soplair.com\/wp-content\/uploads\/2025\/10\/777552_D2-1-300x200.jpg\" \/>\n<meta name=\"twitter:card\" content=\"summary_large_image\" \/>\n<meta name=\"twitter:label1\" content=\"Tiempo de lectura\" \/>\n\t<meta name=\"twitter:data1\" content=\"2 minutos\" \/>\n<script type=\"application\/ld+json\" class=\"yoast-schema-graph\">{\"@context\":\"https:\/\/schema.org\",\"@graph\":[{\"@type\":\"WebPage\",\"@id\":\"https:\/\/soplair.com\/es\/alfombrilla-antimoho-soplair-para-tienda-de-techo-eclipse\/\",\"url\":\"https:\/\/soplair.com\/es\/alfombrilla-antimoho-soplair-para-tienda-de-techo-eclipse\/\",\"name\":\"Alfombrilla antimoho Soplair para tienda de techo Eclipse - Page d&#039;accueil | Soplair\u2122 Fabricant d&#039;accessoires de Loisirs ...\",\"isPartOf\":{\"@id\":\"https:\/\/soplair.com\/es\/#website\"},\"primaryImageOfPage\":{\"@id\":\"https:\/\/soplair.com\/es\/alfombrilla-antimoho-soplair-para-tienda-de-techo-eclipse\/#primaryimage\"},\"image\":{\"@id\":\"https:\/\/soplair.com\/es\/alfombrilla-antimoho-soplair-para-tienda-de-techo-eclipse\/#primaryimage\"},\"thumbnailUrl\":\"https:\/\/soplair.com\/wp-content\/uploads\/2025\/10\/777552_D2-1-300x200.jpg\",\"datePublished\":\"2025-10-06T13:41:24+00:00\",\"dateModified\":\"2025-10-06T13:51:28+00:00\",\"inLanguage\":\"es\",\"potentialAction\":[{\"@type\":\"ReadAction\",\"target\":[\"https:\/\/soplair.com\/es\/alfombrilla-antimoho-soplair-para-tienda-de-techo-eclipse\/\"]}]},{\"@type\":\"ImageObject\",\"inLanguage\":\"es\",\"@id\":\"https:\/\/soplair.com\/es\/alfombrilla-antimoho-soplair-para-tienda-de-techo-eclipse\/#primaryimage\",\"url\":\"https:\/\/soplair.com\/wp-content\/uploads\/2025\/10\/777552_D2-1-300x200.jpg\",\"contentUrl\":\"https:\/\/soplair.com\/wp-content\/uploads\/2025\/10\/777552_D2-1-300x200.jpg\"},{\"@type\":\"WebSite\",\"@id\":\"https:\/\/soplair.com\/es\/#website\",\"url\":\"https:\/\/soplair.com\/es\/\",\"name\":\"Page d&#039;accueil | Soplair\u2122 Fabricant d&#039;accessoires de Loisirs ...\",\"description\":\"ISOLANTS THERMIQUES &amp; MOBILIERS DE PLEIN-AIR POUR VOS LOISIRS. Les produits SOPLAIR. AUVENTS TRADITIONNELS &amp; GONFLABLES SP\u00c9CIAL CARAVANES.\",\"publisher\":{\"@id\":\"https:\/\/soplair.com\/es\/#organization\"},\"potentialAction\":[{\"@type\":\"SearchAction\",\"target\":{\"@type\":\"EntryPoint\",\"urlTemplate\":\"https:\/\/soplair.com\/es\/?s={search_term_string}\"},\"query-input\":{\"@type\":\"PropertyValueSpecification\",\"valueRequired\":true,\"valueName\":\"search_term_string\"}}],\"inLanguage\":\"es\"},{\"@type\":\"Organization\",\"@id\":\"https:\/\/soplair.com\/es\/#organization\",\"name\":\"Page d&#039;accueil | Soplair\u2122 Fabricant d&#039;accessoires de Loisirs ...\",\"url\":\"https:\/\/soplair.com\/es\/\",\"logo\":{\"@type\":\"ImageObject\",\"inLanguage\":\"es\",\"@id\":\"https:\/\/soplair.com\/es\/#\/schema\/logo\/image\/\",\"url\":\"https:\/\/soplair.com\/wp-content\/uploads\/2020\/01\/cropped-Fichier-1.png\",\"contentUrl\":\"https:\/\/soplair.com\/wp-content\/uploads\/2020\/01\/cropped-Fichier-1.png\",\"width\":1719,\"height\":507,\"caption\":\"Page d&#039;accueil | Soplair\u2122 Fabricant d&#039;accessoires de Loisirs ...\"},\"image\":{\"@id\":\"https:\/\/soplair.com\/es\/#\/schema\/logo\/image\/\"}}]}<\/script>\n<!-- \/ Yoast SEO plugin. -->","yoast_head_json":{"title":"Alfombrilla antimoho Soplair para tienda de techo Eclipse - Page d&#039;accueil | Soplair\u2122 Fabricant d&#039;accessoires de Loisirs ...","robots":{"index":"index","follow":"follow","max-snippet":"max-snippet:-1","max-image-preview":"max-image-preview:large","max-video-preview":"max-video-preview:-1"},"canonical":"https:\/\/soplair.com\/es\/alfombrilla-antimoho-soplair-para-tienda-de-techo-eclipse\/","og_locale":"es_ES","og_type":"article","og_title":"Alfombrilla antimoho Soplair para tienda de techo Eclipse - Page d&#039;accueil | Soplair\u2122 Fabricant d&#039;accessoires de Loisirs ...","og_description":"Accueil Alfombrilla antimoho Soplair para tienda de techo Eclipse Precio de venta recomendado: 35,00 \u20ac Ref. : 777555 Protege tu colch\u00f3n de la humedad y disfruta de noches m\u00e1s sanas y confortables, incluso en condiciones h\u00famedas. Descripci\u00f3n Protege tu colch\u00f3n y prolonga la vida \u00fatil de tu tienda de techoCuando se viaja con frecuencia en [&hellip;]","og_url":"https:\/\/soplair.com\/es\/alfombrilla-antimoho-soplair-para-tienda-de-techo-eclipse\/","og_site_name":"Page d&#039;accueil | Soplair\u2122 Fabricant d&#039;accessoires de Loisirs ...","article_modified_time":"2025-10-06T13:51:28+00:00","og_image":[{"url":"https:\/\/soplair.com\/wp-content\/uploads\/2025\/10\/777552_D2-1-300x200.jpg","type":"","width":"","height":""}],"twitter_card":"summary_large_image","twitter_misc":{"Tiempo de lectura":"2 minutos"},"schema":{"@context":"https:\/\/schema.org","@graph":[{"@type":"WebPage","@id":"https:\/\/soplair.com\/es\/alfombrilla-antimoho-soplair-para-tienda-de-techo-eclipse\/","url":"https:\/\/soplair.com\/es\/alfombrilla-antimoho-soplair-para-tienda-de-techo-eclipse\/","name":"Alfombrilla antimoho Soplair para tienda de techo Eclipse - Page d&#039;accueil | Soplair\u2122 Fabricant d&#039;accessoires de Loisirs ...","isPartOf":{"@id":"https:\/\/soplair.com\/es\/#website"},"primaryImageOfPage":{"@id":"https:\/\/soplair.com\/es\/alfombrilla-antimoho-soplair-para-tienda-de-techo-eclipse\/#primaryimage"},"image":{"@id":"https:\/\/soplair.com\/es\/alfombrilla-antimoho-soplair-para-tienda-de-techo-eclipse\/#primaryimage"},"thumbnailUrl":"https:\/\/soplair.com\/wp-content\/uploads\/2025\/10\/777552_D2-1-300x200.jpg","datePublished":"2025-10-06T13:41:24+00:00","dateModified":"2025-10-06T13:51:28+00:00","inLanguage":"es","potentialAction":[{"@type":"ReadAction","target":["https:\/\/soplair.com\/es\/alfombrilla-antimoho-soplair-para-tienda-de-techo-eclipse\/"]}]},{"@type":"ImageObject","inLanguage":"es","@id":"https:\/\/soplair.com\/es\/alfombrilla-antimoho-soplair-para-tienda-de-techo-eclipse\/#primaryimage","url":"https:\/\/soplair.com\/wp-content\/uploads\/2025\/10\/777552_D2-1-300x200.jpg","contentUrl":"https:\/\/soplair.com\/wp-content\/uploads\/2025\/10\/777552_D2-1-300x200.jpg"},{"@type":"WebSite","@id":"https:\/\/soplair.com\/es\/#website","url":"https:\/\/soplair.com\/es\/","name":"Page d&#039;accueil | Soplair\u2122 Fabricant d&#039;accessoires de Loisirs ...","description":"ISOLANTS THERMIQUES &amp; MOBILIERS DE PLEIN-AIR POUR VOS LOISIRS. Les produits SOPLAIR. AUVENTS TRADITIONNELS &amp; GONFLABLES SP\u00c9CIAL CARAVANES.","publisher":{"@id":"https:\/\/soplair.com\/es\/#organization"},"potentialAction":[{"@type":"SearchAction","target":{"@type":"EntryPoint","urlTemplate":"https:\/\/soplair.com\/es\/?s={search_term_string}"},"query-input":{"@type":"PropertyValueSpecification","valueRequired":true,"valueName":"search_term_string"}}],"inLanguage":"es"},{"@type":"Organization","@id":"https:\/\/soplair.com\/es\/#organization","name":"Page d&#039;accueil | Soplair\u2122 Fabricant d&#039;accessoires de Loisirs ...","url":"https:\/\/soplair.com\/es\/","logo":{"@type":"ImageObject","inLanguage":"es","@id":"https:\/\/soplair.com\/es\/#\/schema\/logo\/image\/","url":"https:\/\/soplair.com\/wp-content\/uploads\/2020\/01\/cropped-Fichier-1.png","contentUrl":"https:\/\/soplair.com\/wp-content\/uploads\/2020\/01\/cropped-Fichier-1.png","width":1719,"height":507,"caption":"Page d&#039;accueil | Soplair\u2122 Fabricant d&#039;accessoires de Loisirs ..."},"image":{"@id":"https:\/\/soplair.com\/es\/#\/schema\/logo\/image\/"}}]}},"_links":{"self":[{"href":"https:\/\/soplair.com\/es\/wp-json\/wp\/v2\/pages\/18324","targetHints":{"allow":["GET"]}}],"collection":[{"href":"https:\/\/soplair.com\/es\/wp-json\/wp\/v2\/pages"}],"about":[{"href":"https:\/\/soplair.com\/es\/wp-json\/wp\/v2\/types\/page"}],"author":[{"embeddable":true,"href":"https:\/\/soplair.com\/es\/wp-json\/wp\/v2\/users\/1"}],"replies":[{"embeddable":true,"href":"https:\/\/soplair.com\/es\/wp-json\/wp\/v2\/comments?post=18324"}],"version-history":[{"count":1,"href":"https:\/\/soplair.com\/es\/wp-json\/wp\/v2\/pages\/18324\/revisions"}],"predecessor-version":[{"id":18325,"href":"https:\/\/soplair.com\/es\/wp-json\/wp\/v2\/pages\/18324\/revisions\/18325"}],"wp:attachment":[{"href":"https:\/\/soplair.com\/es\/wp-json\/wp\/v2\/media?parent=18324"}],"curies":[{"name":"wp","href":"https:\/\/api.w.org\/{rel}","templated":true}]}}