{"id":19031,"date":"2026-03-26T09:38:45","date_gmt":"2026-03-26T08:38:45","guid":{"rendered":"https:\/\/soplair.com\/?page_id=19031"},"modified":"2026-03-26T10:02:23","modified_gmt":"2026-03-26T09:02:23","slug":"apagallamas-con-base-y-repisa","status":"publish","type":"page","link":"https:\/\/soplair.com\/es\/productos\/accesorios-exteriores\/apagallamas-con-base-y-repisa\/","title":{"rendered":"Apagallamas con base y repisa"},"content":{"rendered":"\t\t<div data-elementor-type=\"wp-page\" data-elementor-id=\"19031\" class=\"elementor elementor-19031 elementor-19004\">\n\t\t\t\t\t\t<section class=\"elementor-section elementor-top-section elementor-element elementor-element-6d6b98f7 elementor-section-boxed elementor-section-height-default elementor-section-height-default\" data-id=\"6d6b98f7\" data-element_type=\"section\" data-e-type=\"section\" data-settings=\"{&quot;jet_parallax_layout_list&quot;:[]}\">\n\t\t\t\t\t\t<div class=\"elementor-container elementor-column-gap-default\">\n\t\t\t\t\t<div class=\"elementor-column elementor-col-100 elementor-top-column elementor-element elementor-element-1b6b5b4f\" data-id=\"1b6b5b4f\" data-element_type=\"column\" data-e-type=\"column\">\n\t\t\t<div class=\"elementor-widget-wrap elementor-element-populated\">\n\t\t\t\t\t\t<div class=\"elementor-element elementor-element-6c2f57b9 elementor-widget elementor-widget-jet-breadcrumbs\" data-id=\"6c2f57b9\" data-element_type=\"widget\" data-e-type=\"widget\" data-widget_type=\"jet-breadcrumbs.default\">\n\t\t\t\t<div class=\"elementor-widget-container\">\n\t\t\t\t\t<div class=\"elementor-jet-breadcrumbs jet-blocks\">\n\t\t<div class=\"jet-breadcrumbs\">\n\t\t<div class=\"jet-breadcrumbs__content\">\n\t\t<div class=\"jet-breadcrumbs__wrap\"><div class=\"jet-breadcrumbs__item\"><a href=\"https:\/\/soplair.com\/es\/\" class=\"jet-breadcrumbs__item-link is-home\" rel=\"home\" title=\"Inicio\">Inicio<\/a><\/div>\n\t\t<\/div>\n\t\t<\/div>\n\t\t<\/div><\/div>\t\t\t\t<\/div>\n\t\t\t\t<\/div>\n\t\t\t\t<div class=\"elementor-element elementor-element-4d871989 elementor-arrows-position-inside elementor-pagination-position-outside elementor-widget elementor-widget-image-carousel\" data-id=\"4d871989\" data-element_type=\"widget\" data-e-type=\"widget\" data-settings=\"{&quot;slides_to_show&quot;:&quot;1&quot;,&quot;autoplay_speed&quot;:3500,&quot;navigation&quot;:&quot;both&quot;,&quot;autoplay&quot;:&quot;yes&quot;,&quot;pause_on_hover&quot;:&quot;yes&quot;,&quot;pause_on_interaction&quot;:&quot;yes&quot;,&quot;infinite&quot;:&quot;yes&quot;,&quot;effect&quot;:&quot;slide&quot;,&quot;speed&quot;:500}\" data-widget_type=\"image-carousel.default\">\n\t\t\t\t<div class=\"elementor-widget-container\">\n\t\t\t\t\t\t\t<div class=\"elementor-image-carousel-wrapper swiper\" role=\"region\" aria-roledescription=\"carousel\" aria-label=\"Carrousel d\u2019images\" dir=\"ltr\">\n\t\t\t<div class=\"elementor-image-carousel swiper-wrapper\" aria-live=\"off\">\n\t\t\t\t\t\t\t\t<div class=\"swiper-slide\" role=\"group\" aria-roledescription=\"slide\" aria-label=\"1 de 3\"><figure class=\"swiper-slide-inner\"><img decoding=\"async\" class=\"swiper-slide-image\" src=\"https:\/\/soplair.com\/wp-content\/uploads\/2026\/03\/016553-S1-300x165.jpg\" alt=\"016553-S1\" \/><\/figure><\/div><div class=\"swiper-slide\" role=\"group\" aria-roledescription=\"slide\" aria-label=\"2 de 3\"><figure class=\"swiper-slide-inner\"><img decoding=\"async\" class=\"swiper-slide-image\" src=\"https:\/\/soplair.com\/wp-content\/uploads\/2026\/03\/016553-PA-300x206.jpg\" alt=\"016553-PA\" \/><\/figure><\/div><div class=\"swiper-slide\" role=\"group\" aria-roledescription=\"slide\" aria-label=\"3 de 3\"><figure class=\"swiper-slide-inner\"><img decoding=\"async\" class=\"swiper-slide-image\" src=\"https:\/\/soplair.com\/wp-content\/uploads\/2026\/03\/016553-S2-300x150.jpg\" alt=\"016553-S2\" \/><\/figure><\/div>\t\t\t<\/div>\n\t\t\t\t\t\t\t\t\t\t\t\t<div class=\"elementor-swiper-button elementor-swiper-button-prev\" role=\"button\" tabindex=\"0\">\n\t\t\t\t\t\t<i aria-hidden=\"true\" class=\"eicon-chevron-left\"><\/i>\t\t\t\t\t<\/div>\n\t\t\t\t\t<div class=\"elementor-swiper-button elementor-swiper-button-next\" role=\"button\" tabindex=\"0\">\n\t\t\t\t\t\t<i aria-hidden=\"true\" class=\"eicon-chevron-right\"><\/i>\t\t\t\t\t<\/div>\n\t\t\t\t\n\t\t\t\t\t\t\t\t\t<div class=\"swiper-pagination\"><\/div>\n\t\t\t\t\t\t\t\t\t<\/div>\n\t\t\t\t\t\t<\/div>\n\t\t\t\t<\/div>\n\t\t\t\t<div class=\"elementor-element elementor-element-402eccdc elementor-widget-divider--view-line elementor-widget elementor-widget-divider\" data-id=\"402eccdc\" data-element_type=\"widget\" data-e-type=\"widget\" data-widget_type=\"divider.default\">\n\t\t\t\t<div class=\"elementor-widget-container\">\n\t\t\t\t\t\t\t<div class=\"elementor-divider\">\n\t\t\t<span class=\"elementor-divider-separator\">\n\t\t\t\t\t\t<\/span>\n\t\t<\/div>\n\t\t\t\t\t\t<\/div>\n\t\t\t\t<\/div>\n\t\t\t\t<div class=\"elementor-element elementor-element-7f2a59e1 elementor-widget elementor-widget-heading\" data-id=\"7f2a59e1\" data-element_type=\"widget\" data-e-type=\"widget\" data-widget_type=\"heading.default\">\n\t\t\t\t<div class=\"elementor-widget-container\">\n\t\t\t\t\t<h2 class=\"elementor-heading-title elementor-size-default\">Apagallamas con base y repisa<\/h2>\t\t\t\t<\/div>\n\t\t\t\t<\/div>\n\t\t\t\t<div class=\"elementor-element elementor-element-7f33ac95 elementor-widget elementor-widget-text-editor\" data-id=\"7f33ac95\" data-element_type=\"widget\" data-e-type=\"widget\" data-widget_type=\"text-editor.default\">\n\t\t\t\t<div class=\"elementor-widget-container\">\n\t\t\t\t\t\t\t\t\t<h5><strong>Precio de venta recomendado : 24,90\u20ac<\/strong><\/h5>\t\t\t\t\t\t\t\t<\/div>\n\t\t\t\t<\/div>\n\t\t\t\t<div class=\"elementor-element elementor-element-6bd440cb elementor-widget elementor-widget-text-editor\" data-id=\"6bd440cb\" data-element_type=\"widget\" data-e-type=\"widget\" data-widget_type=\"text-editor.default\">\n\t\t\t\t<div class=\"elementor-widget-container\">\n\t\t\t\t\t\t\t\t\t<h4><strong>Ref : 016553<\/strong><\/h4>\t\t\t\t\t\t\t\t<\/div>\n\t\t\t\t<\/div>\n\t\t\t\t<div class=\"elementor-element elementor-element-7513e8f elementor-widget elementor-widget-text-editor\" data-id=\"7513e8f\" data-element_type=\"widget\" data-e-type=\"widget\" data-widget_type=\"text-editor.default\">\n\t\t\t\t<div class=\"elementor-widget-container\">\n\t\t\t\t\t\t\t\t\t<h5>Protege tu espacio de cocina con el parallamas Soplair. Fabricado en acero resistente, incluye un pr\u00e1ctico estante para tus utensilios. Dimensiones compactas y dise\u00f1o elegante, ideal para viajar.   <strong><a href=\"#ancre\">Ver m\u00e1s&#8230;<\/a><\/strong><\/h5>\t\t\t\t\t\t\t\t<\/div>\n\t\t\t\t<\/div>\n\t\t\t\t\t<\/div>\n\t\t<\/div>\n\t\t\t\t\t<\/div>\n\t\t<\/section>\n\t\t\t\t<section class=\"elementor-section elementor-top-section elementor-element elementor-element-723e3de8 elementor-section-boxed elementor-section-height-default elementor-section-height-default\" data-id=\"723e3de8\" data-element_type=\"section\" data-e-type=\"section\" data-settings=\"{&quot;jet_parallax_layout_list&quot;:[]}\">\n\t\t\t\t\t\t<div class=\"elementor-container elementor-column-gap-default\">\n\t\t\t\t\t<div class=\"elementor-column elementor-col-100 elementor-top-column elementor-element elementor-element-5d65ab19\" data-id=\"5d65ab19\" data-element_type=\"column\" data-e-type=\"column\">\n\t\t\t<div class=\"elementor-widget-wrap elementor-element-populated\">\n\t\t\t\t\t\t<div class=\"elementor-element elementor-element-6cd08f95 elementor-widget elementor-widget-menu-anchor\" data-id=\"6cd08f95\" data-element_type=\"widget\" data-e-type=\"widget\" data-widget_type=\"menu-anchor.default\">\n\t\t\t\t<div class=\"elementor-widget-container\">\n\t\t\t\t\t\t\t<div class=\"elementor-menu-anchor\" id=\"ancre\"><\/div>\n\t\t\t\t\t\t<\/div>\n\t\t\t\t<\/div>\n\t\t\t\t\t<\/div>\n\t\t<\/div>\n\t\t\t\t\t<\/div>\n\t\t<\/section>\n\t\t\t\t<section class=\"elementor-section elementor-top-section elementor-element elementor-element-6147e44a elementor-section-boxed elementor-section-height-default elementor-section-height-default\" data-id=\"6147e44a\" data-element_type=\"section\" data-e-type=\"section\" data-settings=\"{&quot;jet_parallax_layout_list&quot;:[]}\">\n\t\t\t\t\t\t<div class=\"elementor-container elementor-column-gap-default\">\n\t\t\t\t\t<div class=\"elementor-column elementor-col-100 elementor-top-column elementor-element elementor-element-1000d717\" data-id=\"1000d717\" data-element_type=\"column\" data-e-type=\"column\">\n\t\t\t<div class=\"elementor-widget-wrap elementor-element-populated\">\n\t\t\t\t\t\t<div class=\"elementor-element elementor-element-785fe82 elementor-widget elementor-widget-jet-accordion\" data-id=\"785fe82\" data-element_type=\"widget\" data-e-type=\"widget\" data-widget_type=\"jet-accordion.default\">\n\t\t\t\t<div class=\"elementor-widget-container\">\n\t\t\t\t\t\t\t\t\t<div class=\"jet-accordion\" data-settings=\"{&quot;collapsible&quot;:false,&quot;ajaxTemplate&quot;:false,&quot;switchScrolling&quot;:false,&quot;switchScrollingOffset&quot;:0,&quot;switchScrollingDelay&quot;:500}\">\n\t\t\t<div class=\"jet-accordion__inner\">\n\t\t\t\t<div class=\" jet-accordion__item jet-toggle jet-toggle-move-up-effect \">\n\t\t\t\t\t\t\t<div id=\"jet-toggle-control-1261\" class=\"jet-toggle__control elementor-menu-anchor\" data-toggle=\"1\" role=\"button\" tabindex=\"0\" aria-controls=\"jet-toggle-content-1261\" aria-expanded=\"false\" data-template-id=\"false\">\n\t\t\t\t\t\t\t\t<div class=\"jet-toggle__label-icon jet-toggle-icon-position-left\"><span class=\"jet-toggle__icon icon-normal jet-tabs-icon\"><i class=\"fas fa-plus\"><\/i><\/span><span class=\"jet-toggle__icon icon-active jet-tabs-icon\"><i class=\"fas fa-minus\"><\/i><\/span><\/div><div class=\"jet-toggle__label-text\">Descripci\u00f3n<\/div>\t\t\t\t\t\t\t<\/div>\n\t\t\t\t\t\t\t<div id=\"jet-toggle-content-1261\" class=\"jet-toggle__content\" data-toggle=\"1\" role=\"region\" data-template-id=\"false\">\n\t\t\t\t\t\t\t\t<div class=\"jet-toggle__content-inner\"><h2>Apagallamas Soplair con base y estante: un imprescindible para tu cocina m\u00f3vil<\/h2>\n<h3>Protege tu espacio para cocinar<\/h3>\n<p>El apagallamas Soplair es un accesorio esencial para que tus sesiones de cocina en camping sean m\u00e1s seguras y eficaces. Gracias a su<strong> robusto dise\u00f1o de acero<\/strong>, proporciona una protecci\u00f3n eficaz contra las salpicaduras de llama y los vientos indeseados que podr\u00edan interrumpir tu cocinado. Su <strong>altura ideal de 24,5 cm<\/strong> garantiza una barrera fiable entre tus llamas y el entorno exterior.  <\/p>\n<h3>Dise\u00f1o pr\u00e1ctico con estante integrado<\/h3>\n<p>Este apagallamas no es s\u00f3lo seguridad: tambi\u00e9n tiene una repisa integrada <strong>de 62,5 x 13 cm<\/strong>. Esta pr\u00e1ctica superficie es perfecta para tener tus utensilios, condimentos o platos al alcance de la mano. Una soluci\u00f3n ingeniosa para aprovechar al m\u00e1ximo el espacio, sobre todo en las cocinas m\u00e1s peque\u00f1as de autocaravanas, furgonetas o campers.  <\/p>\n<h3>Compacto, ligero y f\u00e1cil de transportar<\/h3>\n<p>Con sus <strong>dimensiones compactas<\/strong> (63,5 x 33 x 24,5 cm) y su peso de s\u00f3lo 3,2 kg, el apagallamas Soplair es f\u00e1cil de transportar e instalar. Su ligereza no merma en absoluto su robustez, gracias al acero utilizado en su fabricaci\u00f3n, que garantiza una gran durabilidad. Su acabado gris le da un toque moderno y discreto que combina a la perfecci\u00f3n con todo tipo de equipamiento de camping.  <\/p>\n<h3>Un accesorio vers\u00e1til para tus aventuras<\/h3>\n<p>El apagallamas Soplair se adapta a todos tus equipos de cocina al aire libre, ya utilices una cocina de gas, un hornillo o una barbacoa. Ofrece seguridad, Confort y funcionalidad, tanto si est\u00e1s al aire libre como en un camping. <\/p>\n<\/div>\n\t\t\t\t\t\t\t<\/div>\n\t\t\t\t\t\t<\/div><div class=\" jet-accordion__item jet-toggle jet-toggle-move-up-effect \">\n\t\t\t\t\t\t\t<div id=\"jet-toggle-control-1262\" class=\"jet-toggle__control elementor-menu-anchor\" data-toggle=\"2\" role=\"button\" tabindex=\"0\" aria-controls=\"jet-toggle-content-1262\" aria-expanded=\"false\" data-template-id=\"false\">\n\t\t\t\t\t\t\t\t<div class=\"jet-toggle__label-icon jet-toggle-icon-position-left\"><span class=\"jet-toggle__icon icon-normal jet-tabs-icon\"><i class=\"fas fa-plus\"><\/i><\/span><span class=\"jet-toggle__icon icon-active jet-tabs-icon\"><i class=\"fas fa-minus\"><\/i><\/span><\/div><div class=\"jet-toggle__label-text\">Para m\u00e1s informaci\u00f3n<\/div>\t\t\t\t\t\t\t<\/div>\n\t\t\t\t\t\t\t<div id=\"jet-toggle-content-1262\" class=\"jet-toggle__content\" data-toggle=\"2\" role=\"region\" data-template-id=\"false\">\n\t\t\t\t\t\t\t\t<div class=\"jet-toggle__content-inner\"><ul>\n<li><strong>Dimensiones totales (L x A x A): <\/strong>63,5 x 33 x 24,5 cm<\/li>\n<li><strong>Dimensiones de los estantes (L x A): <\/strong>62,5 x 13 cm<\/li>\n<li><strong>Material: <\/strong>Acero resistente<\/li>\n<li><strong>Color: <\/strong>Gris moderno y elegante<\/li>\n<li><strong>Caracter\u00edsticas: <\/strong>Apagallamas con estante integrado<\/li>\n<li><strong>Peso:<\/strong> 3,2 kg<\/li>\n<\/ul>\n<\/div>\n\t\t\t\t\t\t\t<\/div>\n\t\t\t\t\t\t<\/div><div class=\" jet-accordion__item jet-toggle jet-toggle-move-up-effect \">\n\t\t\t\t\t\t\t<div id=\"jet-toggle-control-1263\" class=\"jet-toggle__control elementor-menu-anchor\" data-toggle=\"3\" role=\"button\" tabindex=\"0\" aria-controls=\"jet-toggle-content-1263\" aria-expanded=\"false\" data-template-id=\"false\">\n\t\t\t\t\t\t\t\t<div class=\"jet-toggle__label-icon jet-toggle-icon-position-left\"><span class=\"jet-toggle__icon icon-normal jet-tabs-icon\"><i class=\"fas fa-plus\"><\/i><\/span><span class=\"jet-toggle__icon icon-active jet-tabs-icon\"><i class=\"fas fa-minus\"><\/i><\/span><\/div><div class=\"jet-toggle__label-text\">Accesorios adicionales<\/div>\t\t\t\t\t\t\t<\/div>\n\t\t\t\t\t\t\t<div id=\"jet-toggle-content-1263\" class=\"jet-toggle__content\" data-toggle=\"3\" role=\"region\" data-template-id=\"false\">\n\t\t\t\t\t\t\t\t<div class=\"jet-toggle__content-inner\"><\/div>\n\t\t\t\t\t\t\t<\/div>\n\t\t\t\t\t\t<\/div>\t\t\t<\/div>\n\t\t<\/div>\n\t\t\t\t\t\t<\/div>\n\t\t\t\t<\/div>\n\t\t\t\t\t<\/div>\n\t\t<\/div>\n\t\t\t\t\t<\/div>\n\t\t<\/section>\n\t\t\t\t<\/div>\n\t\t","protected":false},"excerpt":{"rendered":"<p>Accueil Apagallamas con base y repisa Precio de venta recomendado : 24,90\u20ac Ref : 016553 Protege tu espacio de cocina con el parallamas Soplair. Fabricado en acero resistente, incluye un pr\u00e1ctico estante para tus utensilios. Dimensiones compactas y dise\u00f1o elegante, ideal para viajar. Ver m\u00e1s&#8230; Descripci\u00f3n Apagallamas Soplair con base y estante: un imprescindible para [&hellip;]<\/p>\n","protected":false},"author":5,"featured_media":0,"parent":12343,"menu_order":0,"comment_status":"closed","ping_status":"closed","template":"","meta":{"footnotes":""},"class_list":["post-19031","page","type-page","status-publish","hentry"],"yoast_head":"<!-- This site is optimized with the Yoast SEO plugin v27.2 - https:\/\/yoast.com\/product\/yoast-seo-wordpress\/ -->\n<title>Apagallamas con base y repisa - Page d&#039;accueil | Soplair\u2122 Fabricant d&#039;accessoires de Loisirs ...<\/title>\n<meta name=\"robots\" content=\"index, follow, max-snippet:-1, max-image-preview:large, max-video-preview:-1\" \/>\n<link rel=\"canonical\" href=\"https:\/\/soplair.com\/es\/productos\/accesorios-exteriores\/apagallamas-con-base-y-repisa\/\" \/>\n<meta property=\"og:locale\" content=\"es_ES\" \/>\n<meta property=\"og:type\" content=\"article\" \/>\n<meta property=\"og:title\" content=\"Apagallamas con base y repisa - Page d&#039;accueil | Soplair\u2122 Fabricant d&#039;accessoires de Loisirs ...\" \/>\n<meta property=\"og:description\" content=\"Accueil Apagallamas con base y repisa Precio de venta recomendado : 24,90\u20ac Ref : 016553 Protege tu espacio de cocina con el parallamas Soplair. Fabricado en acero resistente, incluye un pr\u00e1ctico estante para tus utensilios. Dimensiones compactas y dise\u00f1o elegante, ideal para viajar. Ver m\u00e1s&#8230; Descripci\u00f3n Apagallamas Soplair con base y estante: un imprescindible para [&hellip;]\" \/>\n<meta property=\"og:url\" content=\"https:\/\/soplair.com\/es\/productos\/accesorios-exteriores\/apagallamas-con-base-y-repisa\/\" \/>\n<meta property=\"og:site_name\" content=\"Page d&#039;accueil | Soplair\u2122 Fabricant d&#039;accessoires de Loisirs ...\" \/>\n<meta property=\"article:modified_time\" content=\"2026-03-26T09:02:23+00:00\" \/>\n<meta property=\"og:image\" content=\"https:\/\/soplair.com\/wp-content\/uploads\/2026\/03\/016553-S1-300x165.jpg\" \/>\n<meta name=\"twitter:card\" content=\"summary_large_image\" \/>\n<meta name=\"twitter:label1\" content=\"Tiempo de lectura\" \/>\n\t<meta name=\"twitter:data1\" content=\"2 minutos\" \/>\n<script type=\"application\/ld+json\" class=\"yoast-schema-graph\">{\"@context\":\"https:\/\/schema.org\",\"@graph\":[{\"@type\":\"WebPage\",\"@id\":\"https:\/\/soplair.com\/es\/productos\/accesorios-exteriores\/apagallamas-con-base-y-repisa\/\",\"url\":\"https:\/\/soplair.com\/es\/productos\/accesorios-exteriores\/apagallamas-con-base-y-repisa\/\",\"name\":\"Apagallamas con base y repisa - Page d&#039;accueil | Soplair\u2122 Fabricant d&#039;accessoires de Loisirs ...\",\"isPartOf\":{\"@id\":\"https:\/\/soplair.com\/es\/#website\"},\"primaryImageOfPage\":{\"@id\":\"https:\/\/soplair.com\/es\/productos\/accesorios-exteriores\/apagallamas-con-base-y-repisa\/#primaryimage\"},\"image\":{\"@id\":\"https:\/\/soplair.com\/es\/productos\/accesorios-exteriores\/apagallamas-con-base-y-repisa\/#primaryimage\"},\"thumbnailUrl\":\"https:\/\/soplair.com\/wp-content\/uploads\/2026\/03\/016553-S1-300x165.jpg\",\"datePublished\":\"2026-03-26T08:38:45+00:00\",\"dateModified\":\"2026-03-26T09:02:23+00:00\",\"breadcrumb\":{\"@id\":\"https:\/\/soplair.com\/es\/productos\/accesorios-exteriores\/apagallamas-con-base-y-repisa\/#breadcrumb\"},\"inLanguage\":\"es\",\"potentialAction\":[{\"@type\":\"ReadAction\",\"target\":[\"https:\/\/soplair.com\/es\/productos\/accesorios-exteriores\/apagallamas-con-base-y-repisa\/\"]}]},{\"@type\":\"ImageObject\",\"inLanguage\":\"es\",\"@id\":\"https:\/\/soplair.com\/es\/productos\/accesorios-exteriores\/apagallamas-con-base-y-repisa\/#primaryimage\",\"url\":\"https:\/\/soplair.com\/wp-content\/uploads\/2026\/03\/016553-S1-300x165.jpg\",\"contentUrl\":\"https:\/\/soplair.com\/wp-content\/uploads\/2026\/03\/016553-S1-300x165.jpg\"},{\"@type\":\"BreadcrumbList\",\"@id\":\"https:\/\/soplair.com\/es\/productos\/accesorios-exteriores\/apagallamas-con-base-y-repisa\/#breadcrumb\",\"itemListElement\":[{\"@type\":\"ListItem\",\"position\":1,\"name\":\"Productos\",\"item\":\"https:\/\/soplair.com\/es\/productos\/\"},{\"@type\":\"ListItem\",\"position\":2,\"name\":\"Accesorios exteriores\",\"item\":\"https:\/\/soplair.com\/es\/productos\/accesorios-exteriores\/\"},{\"@type\":\"ListItem\",\"position\":3,\"name\":\"Apagallamas con base y repisa\"}]},{\"@type\":\"WebSite\",\"@id\":\"https:\/\/soplair.com\/es\/#website\",\"url\":\"https:\/\/soplair.com\/es\/\",\"name\":\"Page d&#039;accueil | Soplair\u2122 Fabricant d&#039;accessoires de Loisirs ...\",\"description\":\"ISOLANTS THERMIQUES &amp; MOBILIERS DE PLEIN-AIR POUR VOS LOISIRS. Les produits SOPLAIR. AUVENTS TRADITIONNELS &amp; GONFLABLES SP\u00c9CIAL CARAVANES.\",\"publisher\":{\"@id\":\"https:\/\/soplair.com\/es\/#organization\"},\"potentialAction\":[{\"@type\":\"SearchAction\",\"target\":{\"@type\":\"EntryPoint\",\"urlTemplate\":\"https:\/\/soplair.com\/es\/?s={search_term_string}\"},\"query-input\":{\"@type\":\"PropertyValueSpecification\",\"valueRequired\":true,\"valueName\":\"search_term_string\"}}],\"inLanguage\":\"es\"},{\"@type\":\"Organization\",\"@id\":\"https:\/\/soplair.com\/es\/#organization\",\"name\":\"Page d&#039;accueil | Soplair\u2122 Fabricant d&#039;accessoires de Loisirs ...\",\"url\":\"https:\/\/soplair.com\/es\/\",\"logo\":{\"@type\":\"ImageObject\",\"inLanguage\":\"es\",\"@id\":\"https:\/\/soplair.com\/es\/#\/schema\/logo\/image\/\",\"url\":\"https:\/\/soplair.com\/wp-content\/uploads\/2020\/01\/cropped-Fichier-1.png\",\"contentUrl\":\"https:\/\/soplair.com\/wp-content\/uploads\/2020\/01\/cropped-Fichier-1.png\",\"width\":1719,\"height\":507,\"caption\":\"Page d&#039;accueil | Soplair\u2122 Fabricant d&#039;accessoires de Loisirs ...\"},\"image\":{\"@id\":\"https:\/\/soplair.com\/es\/#\/schema\/logo\/image\/\"}}]}<\/script>\n<!-- \/ Yoast SEO plugin. -->","yoast_head_json":{"title":"Apagallamas con base y repisa - Page d&#039;accueil | Soplair\u2122 Fabricant d&#039;accessoires de Loisirs ...","robots":{"index":"index","follow":"follow","max-snippet":"max-snippet:-1","max-image-preview":"max-image-preview:large","max-video-preview":"max-video-preview:-1"},"canonical":"https:\/\/soplair.com\/es\/productos\/accesorios-exteriores\/apagallamas-con-base-y-repisa\/","og_locale":"es_ES","og_type":"article","og_title":"Apagallamas con base y repisa - Page d&#039;accueil | Soplair\u2122 Fabricant d&#039;accessoires de Loisirs ...","og_description":"Accueil Apagallamas con base y repisa Precio de venta recomendado : 24,90\u20ac Ref : 016553 Protege tu espacio de cocina con el parallamas Soplair. Fabricado en acero resistente, incluye un pr\u00e1ctico estante para tus utensilios. Dimensiones compactas y dise\u00f1o elegante, ideal para viajar. Ver m\u00e1s&#8230; Descripci\u00f3n Apagallamas Soplair con base y estante: un imprescindible para [&hellip;]","og_url":"https:\/\/soplair.com\/es\/productos\/accesorios-exteriores\/apagallamas-con-base-y-repisa\/","og_site_name":"Page d&#039;accueil | Soplair\u2122 Fabricant d&#039;accessoires de Loisirs ...","article_modified_time":"2026-03-26T09:02:23+00:00","og_image":[{"url":"https:\/\/soplair.com\/wp-content\/uploads\/2026\/03\/016553-S1-300x165.jpg","type":"","width":"","height":""}],"twitter_card":"summary_large_image","twitter_misc":{"Tiempo de lectura":"2 minutos"},"schema":{"@context":"https:\/\/schema.org","@graph":[{"@type":"WebPage","@id":"https:\/\/soplair.com\/es\/productos\/accesorios-exteriores\/apagallamas-con-base-y-repisa\/","url":"https:\/\/soplair.com\/es\/productos\/accesorios-exteriores\/apagallamas-con-base-y-repisa\/","name":"Apagallamas con base y repisa - Page d&#039;accueil | Soplair\u2122 Fabricant d&#039;accessoires de Loisirs ...","isPartOf":{"@id":"https:\/\/soplair.com\/es\/#website"},"primaryImageOfPage":{"@id":"https:\/\/soplair.com\/es\/productos\/accesorios-exteriores\/apagallamas-con-base-y-repisa\/#primaryimage"},"image":{"@id":"https:\/\/soplair.com\/es\/productos\/accesorios-exteriores\/apagallamas-con-base-y-repisa\/#primaryimage"},"thumbnailUrl":"https:\/\/soplair.com\/wp-content\/uploads\/2026\/03\/016553-S1-300x165.jpg","datePublished":"2026-03-26T08:38:45+00:00","dateModified":"2026-03-26T09:02:23+00:00","breadcrumb":{"@id":"https:\/\/soplair.com\/es\/productos\/accesorios-exteriores\/apagallamas-con-base-y-repisa\/#breadcrumb"},"inLanguage":"es","potentialAction":[{"@type":"ReadAction","target":["https:\/\/soplair.com\/es\/productos\/accesorios-exteriores\/apagallamas-con-base-y-repisa\/"]}]},{"@type":"ImageObject","inLanguage":"es","@id":"https:\/\/soplair.com\/es\/productos\/accesorios-exteriores\/apagallamas-con-base-y-repisa\/#primaryimage","url":"https:\/\/soplair.com\/wp-content\/uploads\/2026\/03\/016553-S1-300x165.jpg","contentUrl":"https:\/\/soplair.com\/wp-content\/uploads\/2026\/03\/016553-S1-300x165.jpg"},{"@type":"BreadcrumbList","@id":"https:\/\/soplair.com\/es\/productos\/accesorios-exteriores\/apagallamas-con-base-y-repisa\/#breadcrumb","itemListElement":[{"@type":"ListItem","position":1,"name":"Productos","item":"https:\/\/soplair.com\/es\/productos\/"},{"@type":"ListItem","position":2,"name":"Accesorios exteriores","item":"https:\/\/soplair.com\/es\/productos\/accesorios-exteriores\/"},{"@type":"ListItem","position":3,"name":"Apagallamas con base y repisa"}]},{"@type":"WebSite","@id":"https:\/\/soplair.com\/es\/#website","url":"https:\/\/soplair.com\/es\/","name":"Page d&#039;accueil | Soplair\u2122 Fabricant d&#039;accessoires de Loisirs ...","description":"ISOLANTS THERMIQUES &amp; MOBILIERS DE PLEIN-AIR POUR VOS LOISIRS. Les produits SOPLAIR. AUVENTS TRADITIONNELS &amp; GONFLABLES SP\u00c9CIAL CARAVANES.","publisher":{"@id":"https:\/\/soplair.com\/es\/#organization"},"potentialAction":[{"@type":"SearchAction","target":{"@type":"EntryPoint","urlTemplate":"https:\/\/soplair.com\/es\/?s={search_term_string}"},"query-input":{"@type":"PropertyValueSpecification","valueRequired":true,"valueName":"search_term_string"}}],"inLanguage":"es"},{"@type":"Organization","@id":"https:\/\/soplair.com\/es\/#organization","name":"Page d&#039;accueil | Soplair\u2122 Fabricant d&#039;accessoires de Loisirs ...","url":"https:\/\/soplair.com\/es\/","logo":{"@type":"ImageObject","inLanguage":"es","@id":"https:\/\/soplair.com\/es\/#\/schema\/logo\/image\/","url":"https:\/\/soplair.com\/wp-content\/uploads\/2020\/01\/cropped-Fichier-1.png","contentUrl":"https:\/\/soplair.com\/wp-content\/uploads\/2020\/01\/cropped-Fichier-1.png","width":1719,"height":507,"caption":"Page d&#039;accueil | Soplair\u2122 Fabricant d&#039;accessoires de Loisirs ..."},"image":{"@id":"https:\/\/soplair.com\/es\/#\/schema\/logo\/image\/"}}]}},"_links":{"self":[{"href":"https:\/\/soplair.com\/es\/wp-json\/wp\/v2\/pages\/19031","targetHints":{"allow":["GET"]}}],"collection":[{"href":"https:\/\/soplair.com\/es\/wp-json\/wp\/v2\/pages"}],"about":[{"href":"https:\/\/soplair.com\/es\/wp-json\/wp\/v2\/types\/page"}],"author":[{"embeddable":true,"href":"https:\/\/soplair.com\/es\/wp-json\/wp\/v2\/users\/5"}],"replies":[{"embeddable":true,"href":"https:\/\/soplair.com\/es\/wp-json\/wp\/v2\/comments?post=19031"}],"version-history":[{"count":5,"href":"https:\/\/soplair.com\/es\/wp-json\/wp\/v2\/pages\/19031\/revisions"}],"predecessor-version":[{"id":19440,"href":"https:\/\/soplair.com\/es\/wp-json\/wp\/v2\/pages\/19031\/revisions\/19440"}],"up":[{"embeddable":true,"href":"https:\/\/soplair.com\/es\/wp-json\/wp\/v2\/pages\/12343"}],"wp:attachment":[{"href":"https:\/\/soplair.com\/es\/wp-json\/wp\/v2\/media?parent=19031"}],"curies":[{"name":"wp","href":"https:\/\/api.w.org\/{rel}","templated":true}]}}