{"id":19061,"date":"2026-03-26T09:42:41","date_gmt":"2026-03-26T08:42:41","guid":{"rendered":"https:\/\/soplair.com\/?page_id=19061"},"modified":"2026-03-26T09:42:44","modified_gmt":"2026-03-26T08:42:44","slug":"red-de-almacenamiento-de-mesas","status":"publish","type":"page","link":"https:\/\/soplair.com\/es\/productos\/mesas\/red-de-almacenamiento-de-mesas\/","title":{"rendered":"Red de almacenamiento de mesas"},"content":{"rendered":"\t\t<div data-elementor-type=\"wp-page\" data-elementor-id=\"19061\" class=\"elementor elementor-19061 elementor-19033\">\n\t\t\t\t\t\t<section class=\"elementor-section elementor-top-section elementor-element elementor-element-3ca514c1 elementor-section-boxed elementor-section-height-default elementor-section-height-default\" data-id=\"3ca514c1\" data-element_type=\"section\" data-e-type=\"section\" data-settings=\"{&quot;jet_parallax_layout_list&quot;:[]}\">\n\t\t\t\t\t\t<div class=\"elementor-container elementor-column-gap-default\">\n\t\t\t\t\t<div class=\"elementor-column elementor-col-100 elementor-top-column elementor-element elementor-element-52aa99e\" data-id=\"52aa99e\" data-element_type=\"column\" data-e-type=\"column\">\n\t\t\t<div class=\"elementor-widget-wrap elementor-element-populated\">\n\t\t\t\t\t\t<div class=\"elementor-element elementor-element-1343b981 elementor-widget elementor-widget-jet-breadcrumbs\" data-id=\"1343b981\" data-element_type=\"widget\" data-e-type=\"widget\" data-widget_type=\"jet-breadcrumbs.default\">\n\t\t\t\t<div class=\"elementor-widget-container\">\n\t\t\t\t\t<div class=\"elementor-jet-breadcrumbs jet-blocks\">\n\t\t<div class=\"jet-breadcrumbs\">\n\t\t<div class=\"jet-breadcrumbs__content\">\n\t\t<div class=\"jet-breadcrumbs__wrap\"><div class=\"jet-breadcrumbs__item\"><a href=\"https:\/\/soplair.com\/es\/\" class=\"jet-breadcrumbs__item-link is-home\" rel=\"home\" title=\"Inicio\">Inicio<\/a><\/div>\n\t\t<\/div>\n\t\t<\/div>\n\t\t<\/div><\/div>\t\t\t\t<\/div>\n\t\t\t\t<\/div>\n\t\t\t\t<div class=\"elementor-element elementor-element-a47b142 elementor-widget__width-auto elementor-arrows-position-inside elementor-pagination-position-outside elementor-widget elementor-widget-image-carousel\" data-id=\"a47b142\" data-element_type=\"widget\" data-e-type=\"widget\" data-settings=\"{&quot;slides_to_show&quot;:&quot;1&quot;,&quot;autoplay_speed&quot;:3500,&quot;navigation&quot;:&quot;both&quot;,&quot;autoplay&quot;:&quot;yes&quot;,&quot;pause_on_hover&quot;:&quot;yes&quot;,&quot;pause_on_interaction&quot;:&quot;yes&quot;,&quot;infinite&quot;:&quot;yes&quot;,&quot;effect&quot;:&quot;slide&quot;,&quot;speed&quot;:500}\" data-widget_type=\"image-carousel.default\">\n\t\t\t\t<div class=\"elementor-widget-container\">\n\t\t\t\t\t\t\t<div class=\"elementor-image-carousel-wrapper swiper\" role=\"region\" aria-roledescription=\"carousel\" aria-label=\"Carrousel d\u2019images\" dir=\"ltr\">\n\t\t\t<div class=\"elementor-image-carousel swiper-wrapper\" aria-live=\"off\">\n\t\t\t\t\t\t\t\t<div class=\"swiper-slide\" role=\"group\" aria-roledescription=\"slide\" aria-label=\"1 de 2\"><figure class=\"swiper-slide-inner\"><img decoding=\"async\" class=\"swiper-slide-image\" src=\"https:\/\/soplair.com\/wp-content\/uploads\/elementor\/thumbs\/697248-A1-scaled-rkxcg7uyx44tppnulgui9k80q7l6h9w7x0gnglz9j4.jpg\" alt=\"697248-A1\" \/><\/figure><\/div><div class=\"swiper-slide\" role=\"group\" aria-roledescription=\"slide\" aria-label=\"2 de 2\"><figure class=\"swiper-slide-inner\"><img decoding=\"async\" class=\"swiper-slide-image\" src=\"https:\/\/soplair.com\/wp-content\/uploads\/elementor\/thumbs\/697248-PA-scaled-rkxch7ku4thpyw7yswabwb7jaup4lru0px93p4iayo.jpg\" alt=\"697248-PA\" \/><\/figure><\/div>\t\t\t<\/div>\n\t\t\t\t\t\t\t\t\t\t\t\t<div class=\"elementor-swiper-button elementor-swiper-button-prev\" role=\"button\" tabindex=\"0\">\n\t\t\t\t\t\t<i aria-hidden=\"true\" class=\"eicon-chevron-left\"><\/i>\t\t\t\t\t<\/div>\n\t\t\t\t\t<div class=\"elementor-swiper-button elementor-swiper-button-next\" role=\"button\" tabindex=\"0\">\n\t\t\t\t\t\t<i aria-hidden=\"true\" class=\"eicon-chevron-right\"><\/i>\t\t\t\t\t<\/div>\n\t\t\t\t\n\t\t\t\t\t\t\t\t\t<div class=\"swiper-pagination\"><\/div>\n\t\t\t\t\t\t\t\t\t<\/div>\n\t\t\t\t\t\t<\/div>\n\t\t\t\t<\/div>\n\t\t\t\t<div class=\"elementor-element elementor-element-2ea914f6 elementor-widget-divider--view-line elementor-widget elementor-widget-divider\" data-id=\"2ea914f6\" data-element_type=\"widget\" data-e-type=\"widget\" data-widget_type=\"divider.default\">\n\t\t\t\t<div class=\"elementor-widget-container\">\n\t\t\t\t\t\t\t<div class=\"elementor-divider\">\n\t\t\t<span class=\"elementor-divider-separator\">\n\t\t\t\t\t\t<\/span>\n\t\t<\/div>\n\t\t\t\t\t\t<\/div>\n\t\t\t\t<\/div>\n\t\t\t\t<div class=\"elementor-element elementor-element-63b7fe9b elementor-widget elementor-widget-heading\" data-id=\"63b7fe9b\" data-element_type=\"widget\" data-e-type=\"widget\" data-widget_type=\"heading.default\">\n\t\t\t\t<div class=\"elementor-widget-container\">\n\t\t\t\t\t<h2 class=\"elementor-heading-title elementor-size-default\">RED DE ALMACENAMIENTO DE MESAS<\/h2>\t\t\t\t<\/div>\n\t\t\t\t<\/div>\n\t\t\t\t<div class=\"elementor-element elementor-element-288dd40 elementor-widget elementor-widget-text-editor\" data-id=\"288dd40\" data-element_type=\"widget\" data-e-type=\"widget\" data-widget_type=\"text-editor.default\">\n\t\t\t\t<div class=\"elementor-widget-container\">\n\t\t\t\t\t\t\t\t\t<h5><strong>Precio de venta recomendado: 15,90 \u20ac<\/strong><\/h5>\t\t\t\t\t\t\t\t<\/div>\n\t\t\t\t<\/div>\n\t\t\t\t<div class=\"elementor-element elementor-element-16169d9f elementor-widget elementor-widget-text-editor\" data-id=\"16169d9f\" data-element_type=\"widget\" data-e-type=\"widget\" data-widget_type=\"text-editor.default\">\n\t\t\t\t<div class=\"elementor-widget-container\">\n\t\t\t\t\t\t\t\t\t<h4><strong>Ref. : 697248<\/strong><\/h4>\t\t\t\t\t\t\t\t<\/div>\n\t\t\t\t<\/div>\n\t\t\t\t<div class=\"elementor-element elementor-element-6dfe804c elementor-widget elementor-widget-text-editor\" data-id=\"6dfe804c\" data-element_type=\"widget\" data-e-type=\"widget\" data-widget_type=\"text-editor.default\">\n\t\t\t\t<div class=\"elementor-widget-container\">\n\t\t\t\t\t\t\t\t\t<h5>Aprovecha al m\u00e1ximo el espacio de tu mesa de camping con la red de almacenamiento Soplair. Se fija f\u00e1cilmente con velcro y es compatible con mesas de m\u00e1s de 85 x 47 cm. Perfecta para guardar revistas, libros y accesorios al alcance de la mano.   <strong><a href=\"#ancre\">Ver m\u00e1s&#8230;<\/a><\/strong><\/h5>\t\t\t\t\t\t\t\t<\/div>\n\t\t\t\t<\/div>\n\t\t\t\t\t<\/div>\n\t\t<\/div>\n\t\t\t\t\t<\/div>\n\t\t<\/section>\n\t\t\t\t<section class=\"elementor-section elementor-top-section elementor-element elementor-element-690669f1 elementor-section-boxed elementor-section-height-default elementor-section-height-default\" data-id=\"690669f1\" data-element_type=\"section\" data-e-type=\"section\" data-settings=\"{&quot;jet_parallax_layout_list&quot;:[]}\">\n\t\t\t\t\t\t<div class=\"elementor-container elementor-column-gap-default\">\n\t\t\t\t\t<div class=\"elementor-column elementor-col-100 elementor-top-column elementor-element elementor-element-487d5044\" data-id=\"487d5044\" data-element_type=\"column\" data-e-type=\"column\">\n\t\t\t<div class=\"elementor-widget-wrap elementor-element-populated\">\n\t\t\t\t\t\t<div class=\"elementor-element elementor-element-5dd55ebd elementor-align-center e-transform elementor-widget elementor-widget-jet-download-button\" data-id=\"5dd55ebd\" data-element_type=\"widget\" data-e-type=\"widget\" data-settings=\"{&quot;_transform_scale_effect_hover&quot;:{&quot;unit&quot;:&quot;px&quot;,&quot;size&quot;:1.1,&quot;sizes&quot;:[]},&quot;_transform_scale_effect_hover_tablet&quot;:{&quot;unit&quot;:&quot;px&quot;,&quot;size&quot;:&quot;&quot;,&quot;sizes&quot;:[]},&quot;_transform_scale_effect_hover_mobile&quot;:{&quot;unit&quot;:&quot;px&quot;,&quot;size&quot;:&quot;&quot;,&quot;sizes&quot;:[]}}\" data-widget_type=\"jet-download-button.default\">\n\t\t\t\t<div class=\"elementor-widget-container\">\n\t\t\t\t\t<div class=\"elementor-jet-download-button jet-elements\"><a class=\"elementor-button elementor-size-md jet-download jet-download-icon-position-left\" data-e-disable-page-transition=\"true\" href=\"https:\/\/soplair.com\/es\/?jet_download=5901cc9edb0a675096b96ffdbfb4a4b2012a2255\" ><span class=\"jet-download__icon jet-download-icon-left jet-elements-icon\"><i aria-hidden=\"true\" class=\"fas fa-file-download\"><\/i><\/span><span class=\"jet-download__text\"><span class=\"jet-download__label\">Descargar la ficha t\u00e9cnica<\/span><span class=\"jet-download__file-name\"><\/span><small class=\"jet-download__sub-label\"><\/small><\/span><\/a>\n<\/div>\t\t\t\t<\/div>\n\t\t\t\t<\/div>\n\t\t\t\t<div class=\"elementor-element elementor-element-7798276a elementor-widget elementor-widget-menu-anchor\" data-id=\"7798276a\" data-element_type=\"widget\" data-e-type=\"widget\" data-widget_type=\"menu-anchor.default\">\n\t\t\t\t<div class=\"elementor-widget-container\">\n\t\t\t\t\t\t\t<div class=\"elementor-menu-anchor\" id=\"ancre\"><\/div>\n\t\t\t\t\t\t<\/div>\n\t\t\t\t<\/div>\n\t\t\t\t\t<\/div>\n\t\t<\/div>\n\t\t\t\t\t<\/div>\n\t\t<\/section>\n\t\t\t\t<section class=\"elementor-section elementor-top-section elementor-element elementor-element-6b887939 elementor-section-boxed elementor-section-height-default elementor-section-height-default\" data-id=\"6b887939\" data-element_type=\"section\" data-e-type=\"section\" data-settings=\"{&quot;jet_parallax_layout_list&quot;:[]}\">\n\t\t\t\t\t\t<div class=\"elementor-container elementor-column-gap-default\">\n\t\t\t\t\t<div class=\"elementor-column elementor-col-100 elementor-top-column elementor-element elementor-element-24690f37\" data-id=\"24690f37\" data-element_type=\"column\" data-e-type=\"column\">\n\t\t\t<div class=\"elementor-widget-wrap elementor-element-populated\">\n\t\t\t\t\t\t<div class=\"elementor-element elementor-element-2d524c8e elementor-widget elementor-widget-jet-accordion\" data-id=\"2d524c8e\" data-element_type=\"widget\" data-e-type=\"widget\" data-widget_type=\"jet-accordion.default\">\n\t\t\t\t<div class=\"elementor-widget-container\">\n\t\t\t\t\t\t\t\t\t<div class=\"jet-accordion\" data-settings=\"{&quot;collapsible&quot;:false,&quot;ajaxTemplate&quot;:false,&quot;switchScrolling&quot;:false,&quot;switchScrollingOffset&quot;:0,&quot;switchScrollingDelay&quot;:500}\">\n\t\t\t<div class=\"jet-accordion__inner\">\n\t\t\t\t<div class=\" jet-accordion__item jet-toggle jet-toggle-move-up-effect \">\n\t\t\t\t\t\t\t<div id=\"jet-toggle-control-7601\" class=\"jet-toggle__control elementor-menu-anchor\" data-toggle=\"1\" role=\"button\" tabindex=\"0\" aria-controls=\"jet-toggle-content-7601\" aria-expanded=\"false\" data-template-id=\"false\">\n\t\t\t\t\t\t\t\t<div class=\"jet-toggle__label-icon jet-toggle-icon-position-left\"><span class=\"jet-toggle__icon icon-normal jet-tabs-icon\"><i class=\"fas fa-plus\"><\/i><\/span><span class=\"jet-toggle__icon icon-active jet-tabs-icon\"><i class=\"fas fa-minus\"><\/i><\/span><\/div><div class=\"jet-toggle__label-text\">Descripci\u00f3n<\/div>\t\t\t\t\t\t\t<\/div>\n\t\t\t\t\t\t\t<div id=\"jet-toggle-content-7601\" class=\"jet-toggle__content\" data-toggle=\"1\" role=\"region\" data-template-id=\"false\">\n\t\t\t\t\t\t\t\t<div class=\"jet-toggle__content-inner\"><h2>Espacio de almacenamiento pr\u00e1ctico y discreto para tu mesa de camping<\/h2>\n<h3>Mant\u00e9n tu mesa despejada y organizada<\/h3>\n<p>\u00bfNo quieres desordenar tu mesa de camping con revistas, libros, crema solar y tel\u00e9fonos? La red para guardar cosas en la mesa Soplair es la soluci\u00f3n ideal. Esta red encaja discretamente debajo de tu mesa, proporcionando un pr\u00e1ctico espacio de almacenamiento donde tus pertenencias permanecen al alcance de la mano sin ocupar un valioso espacio en la mesa. Desp\u00eddete del desorden y disfruta de una mesa despejada para tus comidas o actividades.   <\/p>\n<h3>F\u00e1cil instalaci\u00f3n y compatibilidad universal<\/h3>\n<p>La red de almacenaje Soplair se fija f\u00e1cilmente a la parte inferior de una mesa plegable gracias a unas resistentes correas de velcro. Dise\u00f1ada espec\u00edficamente para las mesas Soplair, tambi\u00e9n puede utilizarse con otras mesas, siempre que el tablero sea ligeramente superior a 85 x 47 cm. Esta amplia compatibilidad lo convierte en un accesorio vers\u00e1til y esencial para cualquier campista que desee maximizar su espacio de almacenamiento.  <\/p>\n<h3>Material duradero y atractivo<\/h3>\n<p>Fabricada con textileno de alta calidad (420 g\/m\u00b2), esta red de almacenamiento es resistente y atractiva. Su color negro combina f\u00e1cilmente con la mayor\u00eda de las mesas de camping, a\u00f1adiendo un toque de elegancia al tiempo que garantiza una notable durabilidad. Ya sea para un uso ocasional o regular, la red de almacenaje Soplair est\u00e1 dise\u00f1ada para resistir los rigores de la vida al aire libre.  <\/p>\n<\/div>\n\t\t\t\t\t\t\t<\/div>\n\t\t\t\t\t\t<\/div><div class=\" jet-accordion__item jet-toggle jet-toggle-move-up-effect \">\n\t\t\t\t\t\t\t<div id=\"jet-toggle-control-7602\" class=\"jet-toggle__control elementor-menu-anchor\" data-toggle=\"2\" role=\"button\" tabindex=\"0\" aria-controls=\"jet-toggle-content-7602\" aria-expanded=\"false\" data-template-id=\"false\">\n\t\t\t\t\t\t\t\t<div class=\"jet-toggle__label-icon jet-toggle-icon-position-left\"><span class=\"jet-toggle__icon icon-normal jet-tabs-icon\"><i class=\"fas fa-plus\"><\/i><\/span><span class=\"jet-toggle__icon icon-active jet-tabs-icon\"><i class=\"fas fa-minus\"><\/i><\/span><\/div><div class=\"jet-toggle__label-text\">Para m\u00e1s informaci\u00f3n<\/div>\t\t\t\t\t\t\t<\/div>\n\t\t\t\t\t\t\t<div id=\"jet-toggle-content-7602\" class=\"jet-toggle__content\" data-toggle=\"2\" role=\"region\" data-template-id=\"false\">\n\t\t\t\t\t\t\t\t<div class=\"jet-toggle__content-inner\"><ul>\n<li>Dimensiones m\u00ednimas de la mesa: 85 x 47 cm<\/li>\n<li>Fijaci\u00f3n: correas de velcro<\/li>\n<li>Material: textileno de 420 g\/m<\/li>\n<li>Color: negro<\/li>\n<\/ul>\n<\/div>\n\t\t\t\t\t\t\t<\/div>\n\t\t\t\t\t\t<\/div><div class=\" jet-accordion__item jet-toggle jet-toggle-move-up-effect \">\n\t\t\t\t\t\t\t<div id=\"jet-toggle-control-7603\" class=\"jet-toggle__control elementor-menu-anchor\" data-toggle=\"3\" role=\"button\" tabindex=\"0\" aria-controls=\"jet-toggle-content-7603\" aria-expanded=\"false\" data-template-id=\"false\">\n\t\t\t\t\t\t\t\t<div class=\"jet-toggle__label-icon jet-toggle-icon-position-left\"><span class=\"jet-toggle__icon icon-normal jet-tabs-icon\"><i class=\"fas fa-plus\"><\/i><\/span><span class=\"jet-toggle__icon icon-active jet-tabs-icon\"><i class=\"fas fa-minus\"><\/i><\/span><\/div><div class=\"jet-toggle__label-text\">Accesorios adicionales<\/div>\t\t\t\t\t\t\t<\/div>\n\t\t\t\t\t\t\t<div id=\"jet-toggle-content-7603\" class=\"jet-toggle__content\" data-toggle=\"3\" role=\"region\" data-template-id=\"false\">\n\t\t\t\t\t\t\t\t<div class=\"jet-toggle__content-inner\"><\/div>\n\t\t\t\t\t\t\t<\/div>\n\t\t\t\t\t\t<\/div>\t\t\t<\/div>\n\t\t<\/div>\n\t\t\t\t\t\t<\/div>\n\t\t\t\t<\/div>\n\t\t\t\t\t<\/div>\n\t\t<\/div>\n\t\t\t\t\t<\/div>\n\t\t<\/section>\n\t\t\t\t<\/div>\n\t\t","protected":false},"excerpt":{"rendered":"<p>Accueil RED DE ALMACENAMIENTO DE MESAS Precio de venta recomendado: 15,90 \u20ac Ref. : 697248 Aprovecha al m\u00e1ximo el espacio de tu mesa de camping con la red de almacenamiento Soplair. Se fija f\u00e1cilmente con velcro y es compatible con mesas de m\u00e1s de 85 x 47 cm. Perfecta para guardar revistas, libros y accesorios [&hellip;]<\/p>\n","protected":false},"author":5,"featured_media":0,"parent":12738,"menu_order":0,"comment_status":"closed","ping_status":"closed","template":"","meta":{"footnotes":""},"class_list":["post-19061","page","type-page","status-publish","hentry"],"yoast_head":"<!-- This site is optimized with the Yoast SEO plugin v27.2 - https:\/\/yoast.com\/product\/yoast-seo-wordpress\/ -->\n<title>Red de almacenamiento de mesas - Page d&#039;accueil | Soplair\u2122 Fabricant d&#039;accessoires de Loisirs ...<\/title>\n<meta name=\"robots\" content=\"index, follow, max-snippet:-1, max-image-preview:large, max-video-preview:-1\" \/>\n<link rel=\"canonical\" href=\"https:\/\/soplair.com\/es\/productos\/mesas\/red-de-almacenamiento-de-mesas\/\" \/>\n<meta property=\"og:locale\" content=\"es_ES\" \/>\n<meta property=\"og:type\" content=\"article\" \/>\n<meta property=\"og:title\" content=\"Red de almacenamiento de mesas - Page d&#039;accueil | Soplair\u2122 Fabricant d&#039;accessoires de Loisirs ...\" \/>\n<meta property=\"og:description\" content=\"Accueil RED DE ALMACENAMIENTO DE MESAS Precio de venta recomendado: 15,90 \u20ac Ref. : 697248 Aprovecha al m\u00e1ximo el espacio de tu mesa de camping con la red de almacenamiento Soplair. Se fija f\u00e1cilmente con velcro y es compatible con mesas de m\u00e1s de 85 x 47 cm. Perfecta para guardar revistas, libros y accesorios [&hellip;]\" \/>\n<meta property=\"og:url\" content=\"https:\/\/soplair.com\/es\/productos\/mesas\/red-de-almacenamiento-de-mesas\/\" \/>\n<meta property=\"og:site_name\" content=\"Page d&#039;accueil | Soplair\u2122 Fabricant d&#039;accessoires de Loisirs ...\" \/>\n<meta property=\"article:modified_time\" content=\"2026-03-26T08:42:44+00:00\" \/>\n<meta property=\"og:image\" content=\"https:\/\/soplair.com\/wp-content\/uploads\/elementor\/thumbs\/697248-A1-scaled-rkxcg7uyx44tppnulgui9k80q7l6h9w7x0gnglz9j4.jpg\" \/>\n<meta name=\"twitter:card\" content=\"summary_large_image\" \/>\n<meta name=\"twitter:label1\" content=\"Tiempo de lectura\" \/>\n\t<meta name=\"twitter:data1\" content=\"2 minutos\" \/>\n<script type=\"application\/ld+json\" class=\"yoast-schema-graph\">{\"@context\":\"https:\/\/schema.org\",\"@graph\":[{\"@type\":\"WebPage\",\"@id\":\"https:\/\/soplair.com\/es\/productos\/mesas\/red-de-almacenamiento-de-mesas\/\",\"url\":\"https:\/\/soplair.com\/es\/productos\/mesas\/red-de-almacenamiento-de-mesas\/\",\"name\":\"Red de almacenamiento de mesas - Page d&#039;accueil | Soplair\u2122 Fabricant d&#039;accessoires de Loisirs ...\",\"isPartOf\":{\"@id\":\"https:\/\/soplair.com\/es\/#website\"},\"primaryImageOfPage\":{\"@id\":\"https:\/\/soplair.com\/es\/productos\/mesas\/red-de-almacenamiento-de-mesas\/#primaryimage\"},\"image\":{\"@id\":\"https:\/\/soplair.com\/es\/productos\/mesas\/red-de-almacenamiento-de-mesas\/#primaryimage\"},\"thumbnailUrl\":\"https:\/\/soplair.com\/wp-content\/uploads\/elementor\/thumbs\/697248-A1-scaled-rkxcg7uyx44tppnulgui9k80q7l6h9w7x0gnglz9j4.jpg\",\"datePublished\":\"2026-03-26T08:42:41+00:00\",\"dateModified\":\"2026-03-26T08:42:44+00:00\",\"breadcrumb\":{\"@id\":\"https:\/\/soplair.com\/es\/productos\/mesas\/red-de-almacenamiento-de-mesas\/#breadcrumb\"},\"inLanguage\":\"es\",\"potentialAction\":[{\"@type\":\"ReadAction\",\"target\":[\"https:\/\/soplair.com\/es\/productos\/mesas\/red-de-almacenamiento-de-mesas\/\"]}]},{\"@type\":\"ImageObject\",\"inLanguage\":\"es\",\"@id\":\"https:\/\/soplair.com\/es\/productos\/mesas\/red-de-almacenamiento-de-mesas\/#primaryimage\",\"url\":\"https:\/\/soplair.com\/wp-content\/uploads\/elementor\/thumbs\/697248-A1-scaled-rkxcg7uyx44tppnulgui9k80q7l6h9w7x0gnglz9j4.jpg\",\"contentUrl\":\"https:\/\/soplair.com\/wp-content\/uploads\/elementor\/thumbs\/697248-A1-scaled-rkxcg7uyx44tppnulgui9k80q7l6h9w7x0gnglz9j4.jpg\"},{\"@type\":\"BreadcrumbList\",\"@id\":\"https:\/\/soplair.com\/es\/productos\/mesas\/red-de-almacenamiento-de-mesas\/#breadcrumb\",\"itemListElement\":[{\"@type\":\"ListItem\",\"position\":1,\"name\":\"Productos\",\"item\":\"https:\/\/soplair.com\/es\/productos\/\"},{\"@type\":\"ListItem\",\"position\":2,\"name\":\"Mesas\",\"item\":\"https:\/\/soplair.com\/es\/produits\/tables\/\"},{\"@type\":\"ListItem\",\"position\":3,\"name\":\"Red de almacenamiento de mesas\"}]},{\"@type\":\"WebSite\",\"@id\":\"https:\/\/soplair.com\/es\/#website\",\"url\":\"https:\/\/soplair.com\/es\/\",\"name\":\"Page d&#039;accueil | Soplair\u2122 Fabricant d&#039;accessoires de Loisirs ...\",\"description\":\"ISOLANTS THERMIQUES &amp; MOBILIERS DE PLEIN-AIR POUR VOS LOISIRS. Les produits SOPLAIR. AUVENTS TRADITIONNELS &amp; GONFLABLES SP\u00c9CIAL CARAVANES.\",\"publisher\":{\"@id\":\"https:\/\/soplair.com\/es\/#organization\"},\"potentialAction\":[{\"@type\":\"SearchAction\",\"target\":{\"@type\":\"EntryPoint\",\"urlTemplate\":\"https:\/\/soplair.com\/es\/?s={search_term_string}\"},\"query-input\":{\"@type\":\"PropertyValueSpecification\",\"valueRequired\":true,\"valueName\":\"search_term_string\"}}],\"inLanguage\":\"es\"},{\"@type\":\"Organization\",\"@id\":\"https:\/\/soplair.com\/es\/#organization\",\"name\":\"Page d&#039;accueil | Soplair\u2122 Fabricant d&#039;accessoires de Loisirs ...\",\"url\":\"https:\/\/soplair.com\/es\/\",\"logo\":{\"@type\":\"ImageObject\",\"inLanguage\":\"es\",\"@id\":\"https:\/\/soplair.com\/es\/#\/schema\/logo\/image\/\",\"url\":\"https:\/\/soplair.com\/wp-content\/uploads\/2020\/01\/cropped-Fichier-1.png\",\"contentUrl\":\"https:\/\/soplair.com\/wp-content\/uploads\/2020\/01\/cropped-Fichier-1.png\",\"width\":1719,\"height\":507,\"caption\":\"Page d&#039;accueil | Soplair\u2122 Fabricant d&#039;accessoires de Loisirs ...\"},\"image\":{\"@id\":\"https:\/\/soplair.com\/es\/#\/schema\/logo\/image\/\"}}]}<\/script>\n<!-- \/ Yoast SEO plugin. -->","yoast_head_json":{"title":"Red de almacenamiento de mesas - Page d&#039;accueil | Soplair\u2122 Fabricant d&#039;accessoires de Loisirs ...","robots":{"index":"index","follow":"follow","max-snippet":"max-snippet:-1","max-image-preview":"max-image-preview:large","max-video-preview":"max-video-preview:-1"},"canonical":"https:\/\/soplair.com\/es\/productos\/mesas\/red-de-almacenamiento-de-mesas\/","og_locale":"es_ES","og_type":"article","og_title":"Red de almacenamiento de mesas - Page d&#039;accueil | Soplair\u2122 Fabricant d&#039;accessoires de Loisirs ...","og_description":"Accueil RED DE ALMACENAMIENTO DE MESAS Precio de venta recomendado: 15,90 \u20ac Ref. : 697248 Aprovecha al m\u00e1ximo el espacio de tu mesa de camping con la red de almacenamiento Soplair. Se fija f\u00e1cilmente con velcro y es compatible con mesas de m\u00e1s de 85 x 47 cm. Perfecta para guardar revistas, libros y accesorios [&hellip;]","og_url":"https:\/\/soplair.com\/es\/productos\/mesas\/red-de-almacenamiento-de-mesas\/","og_site_name":"Page d&#039;accueil | Soplair\u2122 Fabricant d&#039;accessoires de Loisirs ...","article_modified_time":"2026-03-26T08:42:44+00:00","og_image":[{"url":"https:\/\/soplair.com\/wp-content\/uploads\/elementor\/thumbs\/697248-A1-scaled-rkxcg7uyx44tppnulgui9k80q7l6h9w7x0gnglz9j4.jpg","type":"","width":"","height":""}],"twitter_card":"summary_large_image","twitter_misc":{"Tiempo de lectura":"2 minutos"},"schema":{"@context":"https:\/\/schema.org","@graph":[{"@type":"WebPage","@id":"https:\/\/soplair.com\/es\/productos\/mesas\/red-de-almacenamiento-de-mesas\/","url":"https:\/\/soplair.com\/es\/productos\/mesas\/red-de-almacenamiento-de-mesas\/","name":"Red de almacenamiento de mesas - Page d&#039;accueil | Soplair\u2122 Fabricant d&#039;accessoires de Loisirs ...","isPartOf":{"@id":"https:\/\/soplair.com\/es\/#website"},"primaryImageOfPage":{"@id":"https:\/\/soplair.com\/es\/productos\/mesas\/red-de-almacenamiento-de-mesas\/#primaryimage"},"image":{"@id":"https:\/\/soplair.com\/es\/productos\/mesas\/red-de-almacenamiento-de-mesas\/#primaryimage"},"thumbnailUrl":"https:\/\/soplair.com\/wp-content\/uploads\/elementor\/thumbs\/697248-A1-scaled-rkxcg7uyx44tppnulgui9k80q7l6h9w7x0gnglz9j4.jpg","datePublished":"2026-03-26T08:42:41+00:00","dateModified":"2026-03-26T08:42:44+00:00","breadcrumb":{"@id":"https:\/\/soplair.com\/es\/productos\/mesas\/red-de-almacenamiento-de-mesas\/#breadcrumb"},"inLanguage":"es","potentialAction":[{"@type":"ReadAction","target":["https:\/\/soplair.com\/es\/productos\/mesas\/red-de-almacenamiento-de-mesas\/"]}]},{"@type":"ImageObject","inLanguage":"es","@id":"https:\/\/soplair.com\/es\/productos\/mesas\/red-de-almacenamiento-de-mesas\/#primaryimage","url":"https:\/\/soplair.com\/wp-content\/uploads\/elementor\/thumbs\/697248-A1-scaled-rkxcg7uyx44tppnulgui9k80q7l6h9w7x0gnglz9j4.jpg","contentUrl":"https:\/\/soplair.com\/wp-content\/uploads\/elementor\/thumbs\/697248-A1-scaled-rkxcg7uyx44tppnulgui9k80q7l6h9w7x0gnglz9j4.jpg"},{"@type":"BreadcrumbList","@id":"https:\/\/soplair.com\/es\/productos\/mesas\/red-de-almacenamiento-de-mesas\/#breadcrumb","itemListElement":[{"@type":"ListItem","position":1,"name":"Productos","item":"https:\/\/soplair.com\/es\/productos\/"},{"@type":"ListItem","position":2,"name":"Mesas","item":"https:\/\/soplair.com\/es\/produits\/tables\/"},{"@type":"ListItem","position":3,"name":"Red de almacenamiento de mesas"}]},{"@type":"WebSite","@id":"https:\/\/soplair.com\/es\/#website","url":"https:\/\/soplair.com\/es\/","name":"Page d&#039;accueil | Soplair\u2122 Fabricant d&#039;accessoires de Loisirs ...","description":"ISOLANTS THERMIQUES &amp; MOBILIERS DE PLEIN-AIR POUR VOS LOISIRS. Les produits SOPLAIR. AUVENTS TRADITIONNELS &amp; GONFLABLES SP\u00c9CIAL CARAVANES.","publisher":{"@id":"https:\/\/soplair.com\/es\/#organization"},"potentialAction":[{"@type":"SearchAction","target":{"@type":"EntryPoint","urlTemplate":"https:\/\/soplair.com\/es\/?s={search_term_string}"},"query-input":{"@type":"PropertyValueSpecification","valueRequired":true,"valueName":"search_term_string"}}],"inLanguage":"es"},{"@type":"Organization","@id":"https:\/\/soplair.com\/es\/#organization","name":"Page d&#039;accueil | Soplair\u2122 Fabricant d&#039;accessoires de Loisirs ...","url":"https:\/\/soplair.com\/es\/","logo":{"@type":"ImageObject","inLanguage":"es","@id":"https:\/\/soplair.com\/es\/#\/schema\/logo\/image\/","url":"https:\/\/soplair.com\/wp-content\/uploads\/2020\/01\/cropped-Fichier-1.png","contentUrl":"https:\/\/soplair.com\/wp-content\/uploads\/2020\/01\/cropped-Fichier-1.png","width":1719,"height":507,"caption":"Page d&#039;accueil | Soplair\u2122 Fabricant d&#039;accessoires de Loisirs ..."},"image":{"@id":"https:\/\/soplair.com\/es\/#\/schema\/logo\/image\/"}}]}},"_links":{"self":[{"href":"https:\/\/soplair.com\/es\/wp-json\/wp\/v2\/pages\/19061","targetHints":{"allow":["GET"]}}],"collection":[{"href":"https:\/\/soplair.com\/es\/wp-json\/wp\/v2\/pages"}],"about":[{"href":"https:\/\/soplair.com\/es\/wp-json\/wp\/v2\/types\/page"}],"author":[{"embeddable":true,"href":"https:\/\/soplair.com\/es\/wp-json\/wp\/v2\/users\/5"}],"replies":[{"embeddable":true,"href":"https:\/\/soplair.com\/es\/wp-json\/wp\/v2\/comments?post=19061"}],"version-history":[{"count":1,"href":"https:\/\/soplair.com\/es\/wp-json\/wp\/v2\/pages\/19061\/revisions"}],"predecessor-version":[{"id":19062,"href":"https:\/\/soplair.com\/es\/wp-json\/wp\/v2\/pages\/19061\/revisions\/19062"}],"up":[{"embeddable":true,"href":"https:\/\/soplair.com\/es\/wp-json\/wp\/v2\/pages\/12738"}],"wp:attachment":[{"href":"https:\/\/soplair.com\/es\/wp-json\/wp\/v2\/media?parent=19061"}],"curies":[{"name":"wp","href":"https:\/\/api.w.org\/{rel}","templated":true}]}}